{"id":112122,"date":"2026-04-13T18:27:47","date_gmt":"2026-04-13T16:27:47","guid":{"rendered":"https:\/\/autostil.ba\/maloprodaja\/?post_type=product&#038;p=112122"},"modified":"2026-04-23T11:59:36","modified_gmt":"2026-04-23T09:59:36","slug":"kofer-za-krovni-nosac-g3-krono320-sivi-240l-133x73x37cm","status":"publish","type":"product","link":"https:\/\/autostil.ba\/maloprodaja\/proizvod\/5279\/kofer-za-krovni-nosac-g3-krono320-sivi-240l-133x73x37cm\/","title":{"rendered":"KOFER ZA KROVNI NOSA\u010c G3 KRONO320 SIVI\/240L 133X73X37cm"},"content":{"rendered":"","protected":false},"excerpt":{"rendered":"<p>Krovni kofer- Dimenzije: du\u017eina 1325 mm, \u0161irina 725 mm, visina 370 mm. Unutra\u0161nja du\u017eina 1235 mm, unutra\u0161nja \u0161irina 665 mm, unutra\u0161nja visina 360 mm. Prava testirana zapremina 240 l. Boja svijetlo siva. Neto te\u017eina 10 kg, bruto te\u017eina 13 kg. Maksimalno optere\u0107enje 50 kg. Materijal P.S. UV za\u0161ti\u0107en. Otvaranje sa strane. Prednja opruga sprijeda &#8211; K3.011 \/ straga- K3.010. Jedna brava.<\/p>\n","protected":false},"featured_media":112123,"comment_status":"open","ping_status":"closed","template":"","meta":{"_acf_changed":false,"inline_featured_image":false},"product_brand":[],"product_cat":[153],"product_tag":[],"class_list":{"0":"post-112122","1":"product","2":"type-product","3":"status-publish","4":"has-post-thumbnail","6":"product_cat-krovni-koferi","8":"first","9":"instock","10":"taxable","11":"shipping-taxable","12":"purchasable","13":"product-type-simple"},"acf":[],"custom_product_id":"5279","_links":{"self":[{"href":"https:\/\/autostil.ba\/maloprodaja\/wp-json\/wp\/v2\/product\/112122","targetHints":{"allow":["GET"]}}],"collection":[{"href":"https:\/\/autostil.ba\/maloprodaja\/wp-json\/wp\/v2\/product"}],"about":[{"href":"https:\/\/autostil.ba\/maloprodaja\/wp-json\/wp\/v2\/types\/product"}],"replies":[{"embeddable":true,"href":"https:\/\/autostil.ba\/maloprodaja\/wp-json\/wp\/v2\/comments?post=112122"}],"version-history":[{"count":1,"href":"https:\/\/autostil.ba\/maloprodaja\/wp-json\/wp\/v2\/product\/112122\/revisions"}],"predecessor-version":[{"id":112124,"href":"https:\/\/autostil.ba\/maloprodaja\/wp-json\/wp\/v2\/product\/112122\/revisions\/112124"}],"wp:featuredmedia":[{"embeddable":true,"href":"https:\/\/autostil.ba\/maloprodaja\/wp-json\/wp\/v2\/media\/112123"}],"wp:attachment":[{"href":"https:\/\/autostil.ba\/maloprodaja\/wp-json\/wp\/v2\/media?parent=112122"}],"wp:term":[{"taxonomy":"product_brand","embeddable":true,"href":"https:\/\/autostil.ba\/maloprodaja\/wp-json\/wp\/v2\/product_brand?post=112122"},{"taxonomy":"product_cat","embeddable":true,"href":"https:\/\/autostil.ba\/maloprodaja\/wp-json\/wp\/v2\/product_cat?post=112122"},{"taxonomy":"product_tag","embeddable":true,"href":"https:\/\/autostil.ba\/maloprodaja\/wp-json\/wp\/v2\/product_tag?post=112122"}],"curies":[{"name":"wp","href":"https:\/\/api.w.org\/{rel}","templated":true}]}}