{"id":112112,"date":"2025-07-08T14:47:46","date_gmt":"2025-07-08T12:47:46","guid":{"rendered":"https:\/\/autostil.ba\/maloprodaja\/?post_type=product&#038;p=112112"},"modified":"2026-04-08T11:40:13","modified_gmt":"2026-04-08T09:40:13","slug":"kofer-za-krovni-nosac-g3-krono480-sivi-390l-195x74x36cm","status":"publish","type":"product","link":"https:\/\/autostil.ba\/maloprodaja\/proizvod\/5280\/kofer-za-krovni-nosac-g3-krono480-sivi-390l-195x74x36cm\/","title":{"rendered":"KOFER ZA KROVNI NOSA\u010c G3 KRONO480 SIVI\/390L 195X74X36cm"},"content":{"rendered":"","protected":false},"excerpt":{"rendered":"<p>Krovni kofer Dimenzije: du\u017eina 1950 mm, \u0161irina 738 mm, visina 360 mm. Unutra\u0161nja du\u017eina 1860 mm, unutra\u0161nja \u0161irina 678 mm, unutra\u0161nja visina 350 mm. Prava testirana zapremina 390 l. Boja svijetlo siva. Neto te\u017eina 15 kg, bruto te\u017eina 19 kg. Maksimalno optere\u0107enje 75 kg. Materijal P.S. UV za\u0161ti\u0107en. Otvaranje sa strane. Prednja opruga sprijeda &#8211; K3.011 \/ straga- K3.010.<br \/>\nBrava jedna centralizovana.<\/p>\n","protected":false},"featured_media":112113,"comment_status":"open","ping_status":"closed","template":"","meta":{"_acf_changed":false,"inline_featured_image":false},"product_brand":[],"product_cat":[153],"product_tag":[],"class_list":{"0":"post-112112","1":"product","2":"type-product","3":"status-publish","4":"has-post-thumbnail","6":"product_cat-krovni-koferi","8":"first","9":"instock","10":"taxable","11":"shipping-taxable","12":"purchasable","13":"product-type-simple"},"acf":[],"custom_product_id":"5280","_links":{"self":[{"href":"https:\/\/autostil.ba\/maloprodaja\/wp-json\/wp\/v2\/product\/112112","targetHints":{"allow":["GET"]}}],"collection":[{"href":"https:\/\/autostil.ba\/maloprodaja\/wp-json\/wp\/v2\/product"}],"about":[{"href":"https:\/\/autostil.ba\/maloprodaja\/wp-json\/wp\/v2\/types\/product"}],"replies":[{"embeddable":true,"href":"https:\/\/autostil.ba\/maloprodaja\/wp-json\/wp\/v2\/comments?post=112112"}],"version-history":[{"count":2,"href":"https:\/\/autostil.ba\/maloprodaja\/wp-json\/wp\/v2\/product\/112112\/revisions"}],"predecessor-version":[{"id":793052347,"href":"https:\/\/autostil.ba\/maloprodaja\/wp-json\/wp\/v2\/product\/112112\/revisions\/793052347"}],"wp:featuredmedia":[{"embeddable":true,"href":"https:\/\/autostil.ba\/maloprodaja\/wp-json\/wp\/v2\/media\/112113"}],"wp:attachment":[{"href":"https:\/\/autostil.ba\/maloprodaja\/wp-json\/wp\/v2\/media?parent=112112"}],"wp:term":[{"taxonomy":"product_brand","embeddable":true,"href":"https:\/\/autostil.ba\/maloprodaja\/wp-json\/wp\/v2\/product_brand?post=112112"},{"taxonomy":"product_cat","embeddable":true,"href":"https:\/\/autostil.ba\/maloprodaja\/wp-json\/wp\/v2\/product_cat?post=112112"},{"taxonomy":"product_tag","embeddable":true,"href":"https:\/\/autostil.ba\/maloprodaja\/wp-json\/wp\/v2\/product_tag?post=112112"}],"curies":[{"name":"wp","href":"https:\/\/api.w.org\/{rel}","templated":true}]}}