{"id":112092,"date":"2026-04-13T18:26:46","date_gmt":"2026-04-13T16:26:46","guid":{"rendered":"https:\/\/autostil.ba\/maloprodaja\/?post_type=product&#038;p=112092"},"modified":"2026-04-23T11:59:36","modified_gmt":"2026-04-23T09:59:36","slug":"kofer-za-krovni-nosac-g3-helios480-crni-390l-195x74x36cm","status":"publish","type":"product","link":"https:\/\/autostil.ba\/maloprodaja\/proizvod\/5278\/kofer-za-krovni-nosac-g3-helios480-crni-390l-195x74x36cm\/","title":{"rendered":"KOFER ZA KROVNI NOSA\u010c G3 HELIOS480 CRNI\/390L 195X74X36cm"},"content":{"rendered":"","protected":false},"excerpt":{"rendered":"<p>KOFER ZA KROVNI NOSA\u010c G3 HELIOS480 CRNI\/390L 195X74X36cm Krovni kofer Dimenzije: du\u017eina 1950 mm, \u0161irina 738 mm, visina 360 mm. Unutra\u0161nja du\u017eina 1860 mm, unutra\u0161nja \u0161irina 678 mm, unutra\u0161nja visina 350 mm. Prava testirana zapremina 390 l. Boja crna metalik. Neto te\u017eina 13 kg, bruto te\u017eina 16,5 kg. Maksimalno optere\u0107enje 75 kg. Materijal P.S. UV za\u0161ti\u0107en. Otvaranje obostrano. Prednja opruga &#8211; K3.015 \/ straga &#8211; K3.014.<br \/>\nDvije brave centralizovane.<\/p>\n","protected":false},"featured_media":112093,"comment_status":"open","ping_status":"closed","template":"","meta":{"_acf_changed":false,"inline_featured_image":false},"product_brand":[],"product_cat":[153],"product_tag":[],"class_list":{"0":"post-112092","1":"product","2":"type-product","3":"status-publish","4":"has-post-thumbnail","6":"product_cat-krovni-koferi","8":"first","9":"instock","10":"taxable","11":"shipping-taxable","12":"purchasable","13":"product-type-simple"},"acf":[],"custom_product_id":"5278","_links":{"self":[{"href":"https:\/\/autostil.ba\/maloprodaja\/wp-json\/wp\/v2\/product\/112092","targetHints":{"allow":["GET"]}}],"collection":[{"href":"https:\/\/autostil.ba\/maloprodaja\/wp-json\/wp\/v2\/product"}],"about":[{"href":"https:\/\/autostil.ba\/maloprodaja\/wp-json\/wp\/v2\/types\/product"}],"replies":[{"embeddable":true,"href":"https:\/\/autostil.ba\/maloprodaja\/wp-json\/wp\/v2\/comments?post=112092"}],"version-history":[{"count":1,"href":"https:\/\/autostil.ba\/maloprodaja\/wp-json\/wp\/v2\/product\/112092\/revisions"}],"predecessor-version":[{"id":112094,"href":"https:\/\/autostil.ba\/maloprodaja\/wp-json\/wp\/v2\/product\/112092\/revisions\/112094"}],"wp:featuredmedia":[{"embeddable":true,"href":"https:\/\/autostil.ba\/maloprodaja\/wp-json\/wp\/v2\/media\/112093"}],"wp:attachment":[{"href":"https:\/\/autostil.ba\/maloprodaja\/wp-json\/wp\/v2\/media?parent=112092"}],"wp:term":[{"taxonomy":"product_brand","embeddable":true,"href":"https:\/\/autostil.ba\/maloprodaja\/wp-json\/wp\/v2\/product_brand?post=112092"},{"taxonomy":"product_cat","embeddable":true,"href":"https:\/\/autostil.ba\/maloprodaja\/wp-json\/wp\/v2\/product_cat?post=112092"},{"taxonomy":"product_tag","embeddable":true,"href":"https:\/\/autostil.ba\/maloprodaja\/wp-json\/wp\/v2\/product_tag?post=112092"}],"curies":[{"name":"wp","href":"https:\/\/api.w.org\/{rel}","templated":true}]}}