{"id":111672,"date":"2024-07-18T12:09:27","date_gmt":"2024-07-18T10:09:27","guid":{"rendered":"https:\/\/autostil.ba\/maloprodaja\/?post_type=product&#038;p=111672"},"modified":"2026-04-08T11:39:50","modified_gmt":"2026-04-08T09:39:50","slug":"krovni-nosac-g3-mazda-tribute-rails-5p-2000-2004-aluminijumske-sipke-open","status":"publish","type":"product","link":"https:\/\/autostil.ba\/maloprodaja\/proizvod\/12681\/krovni-nosac-g3-mazda-tribute-rails-5p-2000-2004-aluminijumske-sipke-open\/","title":{"rendered":"KROVNI NOSA\u010c G3 MAZDA TRIBUTE RAILS 5P 2000-2004 ALUMINIJUMSKE \u0160IPKE OPEN"},"content":{"rendered":"","protected":false},"excerpt":{"rendered":"<p>Dimenzije \u0161ipke: Du\u017eina 1100mm, \u0160irina 53mm, Visina 27mm Materijal: Aluminijum Max. ukupno optere\u0107enje: 75kg Sa sigurnosnom bravicom.<\/p>\n","protected":false},"featured_media":793045531,"comment_status":"open","ping_status":"closed","template":"","meta":{"_acf_changed":false,"inline_featured_image":false},"product_brand":[],"product_cat":[134],"product_tag":[],"class_list":{"0":"post-111672","1":"product","2":"type-product","3":"status-publish","4":"has-post-thumbnail","6":"product_cat-krovni-nosaci-tipski","7":"pa_brend-mazda","9":"first","10":"instock","11":"taxable","12":"shipping-taxable","13":"purchasable","14":"product-type-simple"},"acf":[],"custom_product_id":"12681","_links":{"self":[{"href":"https:\/\/autostil.ba\/maloprodaja\/wp-json\/wp\/v2\/product\/111672","targetHints":{"allow":["GET"]}}],"collection":[{"href":"https:\/\/autostil.ba\/maloprodaja\/wp-json\/wp\/v2\/product"}],"about":[{"href":"https:\/\/autostil.ba\/maloprodaja\/wp-json\/wp\/v2\/types\/product"}],"replies":[{"embeddable":true,"href":"https:\/\/autostil.ba\/maloprodaja\/wp-json\/wp\/v2\/comments?post=111672"}],"version-history":[{"count":1,"href":"https:\/\/autostil.ba\/maloprodaja\/wp-json\/wp\/v2\/product\/111672\/revisions"}],"predecessor-version":[{"id":111674,"href":"https:\/\/autostil.ba\/maloprodaja\/wp-json\/wp\/v2\/product\/111672\/revisions\/111674"}],"wp:featuredmedia":[{"embeddable":true,"href":"https:\/\/autostil.ba\/maloprodaja\/wp-json\/wp\/v2\/media\/793045531"}],"wp:attachment":[{"href":"https:\/\/autostil.ba\/maloprodaja\/wp-json\/wp\/v2\/media?parent=111672"}],"wp:term":[{"taxonomy":"product_brand","embeddable":true,"href":"https:\/\/autostil.ba\/maloprodaja\/wp-json\/wp\/v2\/product_brand?post=111672"},{"taxonomy":"product_cat","embeddable":true,"href":"https:\/\/autostil.ba\/maloprodaja\/wp-json\/wp\/v2\/product_cat?post=111672"},{"taxonomy":"product_tag","embeddable":true,"href":"https:\/\/autostil.ba\/maloprodaja\/wp-json\/wp\/v2\/product_tag?post=111672"}],"curies":[{"name":"wp","href":"https:\/\/api.w.org\/{rel}","templated":true}]}}