{"id":111072,"date":"2024-07-18T12:08:59","date_gmt":"2024-07-18T10:08:59","guid":{"rendered":"https:\/\/autostil.ba\/maloprodaja\/?post_type=product&#038;p=111072"},"modified":"2026-04-08T11:39:16","modified_gmt":"2026-04-08T09:39:16","slug":"krovni-nosac-g3-suzuki-ignis-rails-5p-od-2000-do-2003-aluminijumske-sipke-open-2","status":"publish","type":"product","link":"https:\/\/autostil.ba\/maloprodaja\/proizvod\/12172\/krovni-nosac-g3-suzuki-ignis-rails-5p-od-2000-do-2003-aluminijumske-sipke-open-2\/","title":{"rendered":"KROVNI NOSA\u010c G3 SUZUKI IGNIS RAILS 5P OD 2000 DO 2003 ALUMINIJUMSKE \u0160IPKE OPEN"},"content":{"rendered":"","protected":false},"excerpt":{"rendered":"<p>KROVNI NOSA\u010c G3 SUZUKI IGNIS RAILS 5P OD 2000 DO 2003 ALUMINIJUMSKE \u0160IPKE OPEN; Dimenzije \u0161ipke: Du\u017eina 1270mm, \u0160irina 53mm, Visina 27mm Materijal: Aluminijum Max. ukupno optere\u0107enje: 75kg Sa sigurnosnom bravicom.<\/p>\n","protected":false},"featured_media":111073,"comment_status":"open","ping_status":"closed","template":"","meta":{"_acf_changed":false,"inline_featured_image":false},"product_brand":[],"product_cat":[134],"product_tag":[],"class_list":{"0":"post-111072","1":"product","2":"type-product","3":"status-publish","4":"has-post-thumbnail","6":"product_cat-krovni-nosaci-tipski","7":"pa_brend-suzuki","9":"first","10":"instock","11":"taxable","12":"shipping-taxable","13":"purchasable","14":"product-type-simple"},"acf":[],"custom_product_id":"12172","_links":{"self":[{"href":"https:\/\/autostil.ba\/maloprodaja\/wp-json\/wp\/v2\/product\/111072","targetHints":{"allow":["GET"]}}],"collection":[{"href":"https:\/\/autostil.ba\/maloprodaja\/wp-json\/wp\/v2\/product"}],"about":[{"href":"https:\/\/autostil.ba\/maloprodaja\/wp-json\/wp\/v2\/types\/product"}],"replies":[{"embeddable":true,"href":"https:\/\/autostil.ba\/maloprodaja\/wp-json\/wp\/v2\/comments?post=111072"}],"version-history":[{"count":1,"href":"https:\/\/autostil.ba\/maloprodaja\/wp-json\/wp\/v2\/product\/111072\/revisions"}],"predecessor-version":[{"id":111074,"href":"https:\/\/autostil.ba\/maloprodaja\/wp-json\/wp\/v2\/product\/111072\/revisions\/111074"}],"wp:featuredmedia":[{"embeddable":true,"href":"https:\/\/autostil.ba\/maloprodaja\/wp-json\/wp\/v2\/media\/111073"}],"wp:attachment":[{"href":"https:\/\/autostil.ba\/maloprodaja\/wp-json\/wp\/v2\/media?parent=111072"}],"wp:term":[{"taxonomy":"product_brand","embeddable":true,"href":"https:\/\/autostil.ba\/maloprodaja\/wp-json\/wp\/v2\/product_brand?post=111072"},{"taxonomy":"product_cat","embeddable":true,"href":"https:\/\/autostil.ba\/maloprodaja\/wp-json\/wp\/v2\/product_cat?post=111072"},{"taxonomy":"product_tag","embeddable":true,"href":"https:\/\/autostil.ba\/maloprodaja\/wp-json\/wp\/v2\/product_tag?post=111072"}],"curies":[{"name":"wp","href":"https:\/\/api.w.org\/{rel}","templated":true}]}}