{"id":109772,"date":"2024-07-18T08:07:57","date_gmt":"2024-07-18T08:07:57","guid":{"rendered":"https:\/\/autostil.ba\/maloprodaja\/?post_type=product&#038;p=109772"},"modified":"2026-04-08T11:38:02","modified_gmt":"2026-04-08T09:38:02","slug":"krovni-nosac-g3-citroen-xm-karavan-rails-5p-do-1994-aluminijumske-sipke-open","status":"publish","type":"product","link":"https:\/\/autostil.ba\/maloprodaja\/proizvod\/11923\/krovni-nosac-g3-citroen-xm-karavan-rails-5p-do-1994-aluminijumske-sipke-open\/","title":{"rendered":"KROVNI NOSA\u010c G3 CITROEN XM KARAVAN RAILS 5P DO 1994 ALUMINIJUMSKE \u0160IPKE OPEN"},"content":{"rendered":"","protected":false},"excerpt":{"rendered":"<p>KROVNI NOSA\u010c G3 CITROEN XM KARAVAN RAILS 5P DO 1994 ALUMINIJUMSKE \u0160IPKE OPEN;  Dimenzije \u0161ipke: Du\u017eina 1270mm, \u0160irina 53mm, Visina 27mm Materijal: Aluminijum Max. ukupno optere\u0107enje: 75kg Sa sigurnosnom bravicom.<\/p>\n","protected":false},"featured_media":109773,"comment_status":"open","ping_status":"closed","template":"","meta":{"_acf_changed":false,"inline_featured_image":false},"product_brand":[],"product_cat":[134],"product_tag":[],"class_list":{"0":"post-109772","1":"product","2":"type-product","3":"status-publish","4":"has-post-thumbnail","6":"product_cat-krovni-nosaci-tipski","7":"pa_brend-citroen","9":"first","10":"instock","11":"taxable","12":"shipping-taxable","13":"purchasable","14":"product-type-simple"},"acf":[],"custom_product_id":"11923","_links":{"self":[{"href":"https:\/\/autostil.ba\/maloprodaja\/wp-json\/wp\/v2\/product\/109772","targetHints":{"allow":["GET"]}}],"collection":[{"href":"https:\/\/autostil.ba\/maloprodaja\/wp-json\/wp\/v2\/product"}],"about":[{"href":"https:\/\/autostil.ba\/maloprodaja\/wp-json\/wp\/v2\/types\/product"}],"replies":[{"embeddable":true,"href":"https:\/\/autostil.ba\/maloprodaja\/wp-json\/wp\/v2\/comments?post=109772"}],"version-history":[{"count":1,"href":"https:\/\/autostil.ba\/maloprodaja\/wp-json\/wp\/v2\/product\/109772\/revisions"}],"predecessor-version":[{"id":109774,"href":"https:\/\/autostil.ba\/maloprodaja\/wp-json\/wp\/v2\/product\/109772\/revisions\/109774"}],"wp:featuredmedia":[{"embeddable":true,"href":"https:\/\/autostil.ba\/maloprodaja\/wp-json\/wp\/v2\/media\/109773"}],"wp:attachment":[{"href":"https:\/\/autostil.ba\/maloprodaja\/wp-json\/wp\/v2\/media?parent=109772"}],"wp:term":[{"taxonomy":"product_brand","embeddable":true,"href":"https:\/\/autostil.ba\/maloprodaja\/wp-json\/wp\/v2\/product_brand?post=109772"},{"taxonomy":"product_cat","embeddable":true,"href":"https:\/\/autostil.ba\/maloprodaja\/wp-json\/wp\/v2\/product_cat?post=109772"},{"taxonomy":"product_tag","embeddable":true,"href":"https:\/\/autostil.ba\/maloprodaja\/wp-json\/wp\/v2\/product_tag?post=109772"}],"curies":[{"name":"wp","href":"https:\/\/api.w.org\/{rel}","templated":true}]}}