{"id":109232,"date":"2024-07-18T08:07:31","date_gmt":"2024-07-18T08:07:31","guid":{"rendered":"https:\/\/autostil.ba\/maloprodaja\/?post_type=product&#038;p=109232"},"modified":"2026-04-08T11:37:28","modified_gmt":"2026-04-08T09:37:28","slug":"krovni-nosac-g3-daewoo-trans-sport-rails-5p-1997-aluminijusmke-sipke-open","status":"publish","type":"product","link":"https:\/\/autostil.ba\/maloprodaja\/proizvod\/13311\/krovni-nosac-g3-daewoo-trans-sport-rails-5p-1997-aluminijusmke-sipke-open\/","title":{"rendered":"KROVNI NOSA\u010c G3 DAEWOO TRANS SPORT RAILS 5P 1997-&gt; ALUMINIJUSMKE \u0160IPKE OPEN"},"content":{"rendered":"","protected":false},"excerpt":{"rendered":"<p>Dimenzije \u0161ipke: Du\u017eina 1450mm, \u0160irina 53mm, Visina 27mm Materijal: Aluminijum Max. ukupno optere\u0107enje: 75kg Sa sigurnosnom bravicom.<\/p>\n","protected":false},"featured_media":109233,"comment_status":"open","ping_status":"closed","template":"","meta":{"_acf_changed":false,"inline_featured_image":false},"product_brand":[],"product_cat":[134],"product_tag":[],"class_list":{"0":"post-109232","1":"product","2":"type-product","3":"status-publish","4":"has-post-thumbnail","6":"product_cat-krovni-nosaci-tipski","7":"pa_brend-daewoo","9":"first","10":"instock","11":"taxable","12":"shipping-taxable","13":"purchasable","14":"product-type-simple"},"acf":[],"custom_product_id":"13311","_links":{"self":[{"href":"https:\/\/autostil.ba\/maloprodaja\/wp-json\/wp\/v2\/product\/109232","targetHints":{"allow":["GET"]}}],"collection":[{"href":"https:\/\/autostil.ba\/maloprodaja\/wp-json\/wp\/v2\/product"}],"about":[{"href":"https:\/\/autostil.ba\/maloprodaja\/wp-json\/wp\/v2\/types\/product"}],"replies":[{"embeddable":true,"href":"https:\/\/autostil.ba\/maloprodaja\/wp-json\/wp\/v2\/comments?post=109232"}],"version-history":[{"count":1,"href":"https:\/\/autostil.ba\/maloprodaja\/wp-json\/wp\/v2\/product\/109232\/revisions"}],"predecessor-version":[{"id":109234,"href":"https:\/\/autostil.ba\/maloprodaja\/wp-json\/wp\/v2\/product\/109232\/revisions\/109234"}],"wp:featuredmedia":[{"embeddable":true,"href":"https:\/\/autostil.ba\/maloprodaja\/wp-json\/wp\/v2\/media\/109233"}],"wp:attachment":[{"href":"https:\/\/autostil.ba\/maloprodaja\/wp-json\/wp\/v2\/media?parent=109232"}],"wp:term":[{"taxonomy":"product_brand","embeddable":true,"href":"https:\/\/autostil.ba\/maloprodaja\/wp-json\/wp\/v2\/product_brand?post=109232"},{"taxonomy":"product_cat","embeddable":true,"href":"https:\/\/autostil.ba\/maloprodaja\/wp-json\/wp\/v2\/product_cat?post=109232"},{"taxonomy":"product_tag","embeddable":true,"href":"https:\/\/autostil.ba\/maloprodaja\/wp-json\/wp\/v2\/product_tag?post=109232"}],"curies":[{"name":"wp","href":"https:\/\/api.w.org\/{rel}","templated":true}]}}