{"id":109192,"date":"2025-09-05T10:29:29","date_gmt":"2025-09-05T08:29:29","guid":{"rendered":"https:\/\/autostil.ba\/maloprodaja\/?post_type=product&#038;p=109192"},"modified":"2026-04-08T11:37:28","modified_gmt":"2026-04-08T09:37:28","slug":"kofer-za-krovni-nosac-g3-all-time-240l-133x74x36cm","status":"publish","type":"product","link":"https:\/\/autostil.ba\/maloprodaja\/proizvod\/5749\/kofer-za-krovni-nosac-g3-all-time-240l-133x74x36cm\/","title":{"rendered":"KOFER ZA KROVNI NOSA\u010c G3 ALL TIME 240L 133X74X36cm"},"content":{"rendered":"","protected":false},"excerpt":{"rendered":"<p>Krovni kofer- Dimenzije: du\u017eina 1330 mm, \u0161irina 735 mm, visina 365 mm. Unutra\u0161nja du\u017eina 1240 mm, unutra\u0161nja \u0161irina 675 mm, unutra\u0161nja visina 355 mm. Prava testirana zapremina 240 l. Boja tamno siva. Neto te\u017eina 10 kg, bruto te\u017eina 13 kg. Maksimalno optere\u0107enje 50 kg. Materijal P.S. UV za\u0161ti\u0107en. Otvaranje sa strane. Prednja opruga sprijeda &#8211; K3.011 \/ straga- K3.010. Jedna brava.<\/p>\n","protected":false},"featured_media":109193,"comment_status":"open","ping_status":"closed","template":"","meta":{"_acf_changed":false,"inline_featured_image":false},"product_brand":[],"product_cat":[153],"product_tag":[],"class_list":{"0":"post-109192","1":"product","2":"type-product","3":"status-publish","4":"has-post-thumbnail","6":"product_cat-krovni-koferi","8":"first","9":"instock","10":"taxable","11":"shipping-taxable","12":"purchasable","13":"product-type-simple"},"acf":[],"custom_product_id":"5749","_links":{"self":[{"href":"https:\/\/autostil.ba\/maloprodaja\/wp-json\/wp\/v2\/product\/109192","targetHints":{"allow":["GET"]}}],"collection":[{"href":"https:\/\/autostil.ba\/maloprodaja\/wp-json\/wp\/v2\/product"}],"about":[{"href":"https:\/\/autostil.ba\/maloprodaja\/wp-json\/wp\/v2\/types\/product"}],"replies":[{"embeddable":true,"href":"https:\/\/autostil.ba\/maloprodaja\/wp-json\/wp\/v2\/comments?post=109192"}],"version-history":[{"count":1,"href":"https:\/\/autostil.ba\/maloprodaja\/wp-json\/wp\/v2\/product\/109192\/revisions"}],"predecessor-version":[{"id":109194,"href":"https:\/\/autostil.ba\/maloprodaja\/wp-json\/wp\/v2\/product\/109192\/revisions\/109194"}],"wp:featuredmedia":[{"embeddable":true,"href":"https:\/\/autostil.ba\/maloprodaja\/wp-json\/wp\/v2\/media\/109193"}],"wp:attachment":[{"href":"https:\/\/autostil.ba\/maloprodaja\/wp-json\/wp\/v2\/media?parent=109192"}],"wp:term":[{"taxonomy":"product_brand","embeddable":true,"href":"https:\/\/autostil.ba\/maloprodaja\/wp-json\/wp\/v2\/product_brand?post=109192"},{"taxonomy":"product_cat","embeddable":true,"href":"https:\/\/autostil.ba\/maloprodaja\/wp-json\/wp\/v2\/product_cat?post=109192"},{"taxonomy":"product_tag","embeddable":true,"href":"https:\/\/autostil.ba\/maloprodaja\/wp-json\/wp\/v2\/product_tag?post=109192"}],"curies":[{"name":"wp","href":"https:\/\/api.w.org\/{rel}","templated":true}]}}