{"id":109182,"date":"2025-09-05T10:30:29","date_gmt":"2025-09-05T08:30:29","guid":{"rendered":"https:\/\/autostil.ba\/maloprodaja\/?post_type=product&#038;p=109182"},"modified":"2026-04-08T11:37:28","modified_gmt":"2026-04-08T09:37:28","slug":"kofer-za-krovni-nosac-g3-all-time480-390l-193x74x37cm","status":"publish","type":"product","link":"https:\/\/autostil.ba\/maloprodaja\/proizvod\/7464\/kofer-za-krovni-nosac-g3-all-time480-390l-193x74x37cm\/","title":{"rendered":"KOFER ZA KROVNI NOSA\u010c G3 ALL TIME480 390L 193X74X37cm"},"content":{"rendered":"","protected":false},"excerpt":{"rendered":"<p>Krovni kofer Dimenzije: du\u017eina 1930; \u0161irina 740 mm; visina 370 mm; unutra\u0161nja du\u017eina 1840 mm; unutra\u0161nja \u0161irina 680 mm; unutra\u0161nja visina 360 mm. Prava testirana zapremina 390L. Boja tamno siva. Neto te\u017eina 15 kg. Bruto te\u017eina 19 kg. Maksimalno optere\u0107enje 75 kg. Materijal P.S. UV za\u0161ti\u0107en. Otvaranje sa desne strane.<\/p>\n","protected":false},"featured_media":109183,"comment_status":"open","ping_status":"closed","template":"","meta":{"_acf_changed":false,"inline_featured_image":false},"product_brand":[],"product_cat":[153],"product_tag":[],"class_list":{"0":"post-109182","1":"product","2":"type-product","3":"status-publish","4":"has-post-thumbnail","6":"product_cat-krovni-koferi","8":"first","9":"instock","10":"taxable","11":"shipping-taxable","12":"purchasable","13":"product-type-simple"},"acf":[],"custom_product_id":"7464","_links":{"self":[{"href":"https:\/\/autostil.ba\/maloprodaja\/wp-json\/wp\/v2\/product\/109182","targetHints":{"allow":["GET"]}}],"collection":[{"href":"https:\/\/autostil.ba\/maloprodaja\/wp-json\/wp\/v2\/product"}],"about":[{"href":"https:\/\/autostil.ba\/maloprodaja\/wp-json\/wp\/v2\/types\/product"}],"replies":[{"embeddable":true,"href":"https:\/\/autostil.ba\/maloprodaja\/wp-json\/wp\/v2\/comments?post=109182"}],"version-history":[{"count":2,"href":"https:\/\/autostil.ba\/maloprodaja\/wp-json\/wp\/v2\/product\/109182\/revisions"}],"predecessor-version":[{"id":793047749,"href":"https:\/\/autostil.ba\/maloprodaja\/wp-json\/wp\/v2\/product\/109182\/revisions\/793047749"}],"wp:featuredmedia":[{"embeddable":true,"href":"https:\/\/autostil.ba\/maloprodaja\/wp-json\/wp\/v2\/media\/109183"}],"wp:attachment":[{"href":"https:\/\/autostil.ba\/maloprodaja\/wp-json\/wp\/v2\/media?parent=109182"}],"wp:term":[{"taxonomy":"product_brand","embeddable":true,"href":"https:\/\/autostil.ba\/maloprodaja\/wp-json\/wp\/v2\/product_brand?post=109182"},{"taxonomy":"product_cat","embeddable":true,"href":"https:\/\/autostil.ba\/maloprodaja\/wp-json\/wp\/v2\/product_cat?post=109182"},{"taxonomy":"product_tag","embeddable":true,"href":"https:\/\/autostil.ba\/maloprodaja\/wp-json\/wp\/v2\/product_tag?post=109182"}],"curies":[{"name":"wp","href":"https:\/\/api.w.org\/{rel}","templated":true}]}}