{"id":109172,"date":"2026-04-13T18:28:28","date_gmt":"2026-04-13T16:28:28","guid":{"rendered":"https:\/\/autostil.ba\/maloprodaja\/?post_type=product&#038;p=109172"},"modified":"2026-04-23T11:59:36","modified_gmt":"2026-04-23T09:59:36","slug":"kofer-za-krovni-nosac-g3-absolute-400-330l-146x87x38cm","status":"publish","type":"product","link":"https:\/\/autostil.ba\/maloprodaja\/proizvod\/7343\/kofer-za-krovni-nosac-g3-absolute-400-330l-146x87x38cm\/","title":{"rendered":"KOFER ZA KROVNI NOSA\u010c G3 ABSOLUTE 400\/330l 146x87x38CM"},"content":{"rendered":"","protected":false},"excerpt":{"rendered":"<p>KOFER ZA KROVNI NOSA\u010c G3 ABSOLUTE 400\/330l 146x87x38CM Krovni kofer, Dimenzije: du\u017eina 1462 mm; \u0161irina 867 mm; visina 375 mm; unutra\u0161nja du\u017eina 1372 mm; unutra\u0161nja \u0161irina 767 mm; unutra\u0161nja visina 365 mm. Prava testirana zapremina 330 l. Boja sjajno siva. Neto te\u017eina 13 kg, bruto te\u017eina 15 kg. Maksimalno optere\u0107enje 75 kg. Materijal P.S. UV za\u0161ti\u0107en.<br \/>\nOtvaranje sa obe strane. Prednja opruga K3.015 \/ straga K3.014. Brava dupla centralizovana.<\/p>\n","protected":false},"featured_media":793045837,"comment_status":"open","ping_status":"closed","template":"","meta":{"_acf_changed":false,"inline_featured_image":false},"product_brand":[],"product_cat":[153],"product_tag":[],"class_list":{"0":"post-109172","1":"product","2":"type-product","3":"status-publish","4":"has-post-thumbnail","6":"product_cat-krovni-koferi","8":"first","9":"instock","10":"taxable","11":"shipping-taxable","12":"purchasable","13":"product-type-simple"},"acf":[],"custom_product_id":"7343","_links":{"self":[{"href":"https:\/\/autostil.ba\/maloprodaja\/wp-json\/wp\/v2\/product\/109172","targetHints":{"allow":["GET"]}}],"collection":[{"href":"https:\/\/autostil.ba\/maloprodaja\/wp-json\/wp\/v2\/product"}],"about":[{"href":"https:\/\/autostil.ba\/maloprodaja\/wp-json\/wp\/v2\/types\/product"}],"replies":[{"embeddable":true,"href":"https:\/\/autostil.ba\/maloprodaja\/wp-json\/wp\/v2\/comments?post=109172"}],"version-history":[{"count":1,"href":"https:\/\/autostil.ba\/maloprodaja\/wp-json\/wp\/v2\/product\/109172\/revisions"}],"predecessor-version":[{"id":109174,"href":"https:\/\/autostil.ba\/maloprodaja\/wp-json\/wp\/v2\/product\/109172\/revisions\/109174"}],"wp:featuredmedia":[{"embeddable":true,"href":"https:\/\/autostil.ba\/maloprodaja\/wp-json\/wp\/v2\/media\/793045837"}],"wp:attachment":[{"href":"https:\/\/autostil.ba\/maloprodaja\/wp-json\/wp\/v2\/media?parent=109172"}],"wp:term":[{"taxonomy":"product_brand","embeddable":true,"href":"https:\/\/autostil.ba\/maloprodaja\/wp-json\/wp\/v2\/product_brand?post=109172"},{"taxonomy":"product_cat","embeddable":true,"href":"https:\/\/autostil.ba\/maloprodaja\/wp-json\/wp\/v2\/product_cat?post=109172"},{"taxonomy":"product_tag","embeddable":true,"href":"https:\/\/autostil.ba\/maloprodaja\/wp-json\/wp\/v2\/product_tag?post=109172"}],"curies":[{"name":"wp","href":"https:\/\/api.w.org\/{rel}","templated":true}]}}