{"id":109132,"date":"2024-10-25T10:10:27","date_gmt":"2024-10-25T08:10:27","guid":{"rendered":"https:\/\/autostil.ba\/maloprodaja\/?post_type=product&#038;p=109132"},"modified":"2026-04-08T11:37:22","modified_gmt":"2026-04-08T09:37:22","slug":"krovni-nosac-g3-toyota-proace-long-medium-2021-metalni-1-sipka","status":"publish","type":"product","link":"https:\/\/autostil.ba\/maloprodaja\/proizvod\/12795\/krovni-nosac-g3-toyota-proace-long-medium-2021-metalni-1-sipka\/","title":{"rendered":"KROVNI NOSA\u010c G3 TOYOTA PROACE LONG\/MEDIUM 2021-&gt; METALNI (1 \u0160IPKA)"},"content":{"rendered":"","protected":false},"excerpt":{"rendered":"<p>Krovni nosa\u010d za komercijalna vozila; Visina \u0161ipke se pode\u0161ava. Du\u017eina: 150 cm, Materijal: \u010delik, Max. optere\u0107enje: 100kg, Sa bravicom. NAPOMENA: NAGLA\u0160ENA CIJENA JE ZA 1 \u0160IPKU !!<\/p>\n","protected":false},"featured_media":109133,"comment_status":"open","ping_status":"closed","template":"","meta":{"_acf_changed":false,"inline_featured_image":false},"product_brand":[],"product_cat":[134],"product_tag":[],"class_list":{"0":"post-109132","1":"product","2":"type-product","3":"status-publish","4":"has-post-thumbnail","6":"product_cat-krovni-nosaci-tipski","7":"pa_brend-toyota","9":"first","10":"instock","11":"taxable","12":"shipping-taxable","13":"purchasable","14":"product-type-simple"},"acf":[],"custom_product_id":"12795","_links":{"self":[{"href":"https:\/\/autostil.ba\/maloprodaja\/wp-json\/wp\/v2\/product\/109132","targetHints":{"allow":["GET"]}}],"collection":[{"href":"https:\/\/autostil.ba\/maloprodaja\/wp-json\/wp\/v2\/product"}],"about":[{"href":"https:\/\/autostil.ba\/maloprodaja\/wp-json\/wp\/v2\/types\/product"}],"replies":[{"embeddable":true,"href":"https:\/\/autostil.ba\/maloprodaja\/wp-json\/wp\/v2\/comments?post=109132"}],"version-history":[{"count":1,"href":"https:\/\/autostil.ba\/maloprodaja\/wp-json\/wp\/v2\/product\/109132\/revisions"}],"predecessor-version":[{"id":109134,"href":"https:\/\/autostil.ba\/maloprodaja\/wp-json\/wp\/v2\/product\/109132\/revisions\/109134"}],"wp:featuredmedia":[{"embeddable":true,"href":"https:\/\/autostil.ba\/maloprodaja\/wp-json\/wp\/v2\/media\/109133"}],"wp:attachment":[{"href":"https:\/\/autostil.ba\/maloprodaja\/wp-json\/wp\/v2\/media?parent=109132"}],"wp:term":[{"taxonomy":"product_brand","embeddable":true,"href":"https:\/\/autostil.ba\/maloprodaja\/wp-json\/wp\/v2\/product_brand?post=109132"},{"taxonomy":"product_cat","embeddable":true,"href":"https:\/\/autostil.ba\/maloprodaja\/wp-json\/wp\/v2\/product_cat?post=109132"},{"taxonomy":"product_tag","embeddable":true,"href":"https:\/\/autostil.ba\/maloprodaja\/wp-json\/wp\/v2\/product_tag?post=109132"}],"curies":[{"name":"wp","href":"https:\/\/api.w.org\/{rel}","templated":true}]}}