{"id":109022,"date":"2024-07-18T08:07:22","date_gmt":"2024-07-18T06:07:22","guid":{"rendered":"https:\/\/autostil.ba\/maloprodaja\/?post_type=product&#038;p=109022"},"modified":"2026-04-08T11:37:16","modified_gmt":"2026-04-08T09:37:16","slug":"krovni-nosac-g3-opel-movano-kratki-niski-krov-1998-2010-metalni-1-sipka","status":"publish","type":"product","link":"https:\/\/autostil.ba\/maloprodaja\/proizvod\/13350\/krovni-nosac-g3-opel-movano-kratki-niski-krov-1998-2010-metalni-1-sipka\/","title":{"rendered":"KROVNI NOSA\u010c G3 OPEL MOVANO (KRATKI \/ NISKI KROV) 1998-2010 METALNI (1 \u0160IPKA)"},"content":{"rendered":"","protected":false},"excerpt":{"rendered":"<p>Du\u017eina \u0161ipki: 1750 mm; Materijal: \u010celik; Maximalna nosivost: 100 kg; Sa sigurnosnom bravicom. NAPOMENA: NAGLA\u0160ENA CIJENA JE ZA 1 \u0160IPKU !!<\/p>\n","protected":false},"featured_media":109023,"comment_status":"open","ping_status":"closed","template":"","meta":{"_acf_changed":false,"inline_featured_image":false},"product_brand":[],"product_cat":[134],"product_tag":[],"class_list":{"0":"post-109022","1":"product","2":"type-product","3":"status-publish","4":"has-post-thumbnail","6":"product_cat-krovni-nosaci-tipski","7":"pa_brend-opel","9":"first","10":"instock","11":"taxable","12":"shipping-taxable","13":"purchasable","14":"product-type-simple"},"acf":[],"custom_product_id":"13350","_links":{"self":[{"href":"https:\/\/autostil.ba\/maloprodaja\/wp-json\/wp\/v2\/product\/109022","targetHints":{"allow":["GET"]}}],"collection":[{"href":"https:\/\/autostil.ba\/maloprodaja\/wp-json\/wp\/v2\/product"}],"about":[{"href":"https:\/\/autostil.ba\/maloprodaja\/wp-json\/wp\/v2\/types\/product"}],"replies":[{"embeddable":true,"href":"https:\/\/autostil.ba\/maloprodaja\/wp-json\/wp\/v2\/comments?post=109022"}],"version-history":[{"count":1,"href":"https:\/\/autostil.ba\/maloprodaja\/wp-json\/wp\/v2\/product\/109022\/revisions"}],"predecessor-version":[{"id":109024,"href":"https:\/\/autostil.ba\/maloprodaja\/wp-json\/wp\/v2\/product\/109022\/revisions\/109024"}],"wp:featuredmedia":[{"embeddable":true,"href":"https:\/\/autostil.ba\/maloprodaja\/wp-json\/wp\/v2\/media\/109023"}],"wp:attachment":[{"href":"https:\/\/autostil.ba\/maloprodaja\/wp-json\/wp\/v2\/media?parent=109022"}],"wp:term":[{"taxonomy":"product_brand","embeddable":true,"href":"https:\/\/autostil.ba\/maloprodaja\/wp-json\/wp\/v2\/product_brand?post=109022"},{"taxonomy":"product_cat","embeddable":true,"href":"https:\/\/autostil.ba\/maloprodaja\/wp-json\/wp\/v2\/product_cat?post=109022"},{"taxonomy":"product_tag","embeddable":true,"href":"https:\/\/autostil.ba\/maloprodaja\/wp-json\/wp\/v2\/product_tag?post=109022"}],"curies":[{"name":"wp","href":"https:\/\/api.w.org\/{rel}","templated":true}]}}