{"id":108992,"date":"2024-07-18T08:07:20","date_gmt":"2024-07-18T08:07:20","guid":{"rendered":"https:\/\/autostil.ba\/maloprodaja\/?post_type=product&#038;p=108992"},"modified":"2026-04-08T11:37:16","modified_gmt":"2026-04-08T09:37:16","slug":"roler-za-krovni-nosac-za-komercijalna-vozila","status":"publish","type":"product","link":"https:\/\/autostil.ba\/maloprodaja\/proizvod\/11518\/roler-za-krovni-nosac-za-komercijalna-vozila\/","title":{"rendered":"ROLER ZA KROVNI NOSA\u010c ZA KOMERCIJALNA VOZILA"},"content":{"rendered":"","protected":false},"excerpt":{"rendered":"<p>Dodatni valjak za krovni nosa\u010d. Slu\u017ei za utovar merdevina i drugih duga\u010dkih predmeta sa zadnjeg dijela vozila. \u0160titi krovni nosa\u010d od grebanja i o\u0161te\u0107enja prilikom utovara gabaritnog tereta. Odgovara na sve vrste \u0161ipki (\u010deli\u010dne, aluminijumske). Vrlo jednostavna monta\u017ea.<\/p>\n","protected":false},"featured_media":108993,"comment_status":"open","ping_status":"closed","template":"","meta":{"_acf_changed":false,"inline_featured_image":false},"product_brand":[],"product_cat":[173],"product_tag":[],"class_list":{"0":"post-108992","1":"product","2":"type-product","3":"status-publish","4":"has-post-thumbnail","6":"product_cat-dodaci-i-rezervni-dijelovi","8":"first","9":"instock","10":"taxable","11":"shipping-taxable","12":"purchasable","13":"product-type-simple"},"acf":[],"custom_product_id":"11518","_links":{"self":[{"href":"https:\/\/autostil.ba\/maloprodaja\/wp-json\/wp\/v2\/product\/108992","targetHints":{"allow":["GET"]}}],"collection":[{"href":"https:\/\/autostil.ba\/maloprodaja\/wp-json\/wp\/v2\/product"}],"about":[{"href":"https:\/\/autostil.ba\/maloprodaja\/wp-json\/wp\/v2\/types\/product"}],"replies":[{"embeddable":true,"href":"https:\/\/autostil.ba\/maloprodaja\/wp-json\/wp\/v2\/comments?post=108992"}],"version-history":[{"count":1,"href":"https:\/\/autostil.ba\/maloprodaja\/wp-json\/wp\/v2\/product\/108992\/revisions"}],"predecessor-version":[{"id":108994,"href":"https:\/\/autostil.ba\/maloprodaja\/wp-json\/wp\/v2\/product\/108992\/revisions\/108994"}],"wp:featuredmedia":[{"embeddable":true,"href":"https:\/\/autostil.ba\/maloprodaja\/wp-json\/wp\/v2\/media\/108993"}],"wp:attachment":[{"href":"https:\/\/autostil.ba\/maloprodaja\/wp-json\/wp\/v2\/media?parent=108992"}],"wp:term":[{"taxonomy":"product_brand","embeddable":true,"href":"https:\/\/autostil.ba\/maloprodaja\/wp-json\/wp\/v2\/product_brand?post=108992"},{"taxonomy":"product_cat","embeddable":true,"href":"https:\/\/autostil.ba\/maloprodaja\/wp-json\/wp\/v2\/product_cat?post=108992"},{"taxonomy":"product_tag","embeddable":true,"href":"https:\/\/autostil.ba\/maloprodaja\/wp-json\/wp\/v2\/product_tag?post=108992"}],"curies":[{"name":"wp","href":"https:\/\/api.w.org\/{rel}","templated":true}]}}