{"id":108612,"date":"2024-07-18T08:07:04","date_gmt":"2024-07-18T06:07:04","guid":{"rendered":"https:\/\/autostil.ba\/maloprodaja\/?post_type=product&#038;p=108612"},"modified":"2026-04-13T17:59:35","modified_gmt":"2026-04-13T15:59:35","slug":"krovni-nosac-g3-renault-laguna-i-rails-5p-1995-2001-aluminijumske-sipke","status":"publish","type":"product","link":"https:\/\/autostil.ba\/maloprodaja\/proizvod\/12262\/krovni-nosac-g3-renault-laguna-i-rails-5p-1995-2001-aluminijumske-sipke\/","title":{"rendered":"KROVNI NOSA\u010c G3 RENAULT LAGUNA I RAILS 5P 1995-2001 ALUMINIJUMSKE \u0160IPKE"},"content":{"rendered":"","protected":false},"excerpt":{"rendered":"<p>Za vozila sa uzdu\u017enim \u0161ipkama obi\u010dnim i integrisanim. Du\u017eina 1100 mm, neto te\u017eina 3,4 kg, bruto te\u017eina 3,8 kg. Maksimalno optere\u0107enje 75 kg. Materijal aluminijum. Sa sigurnosnom bravicom.<\/p>\n","protected":false},"featured_media":108613,"comment_status":"open","ping_status":"closed","template":"","meta":{"_acf_changed":false,"inline_featured_image":false},"product_brand":[],"product_cat":[134],"product_tag":[],"class_list":{"0":"post-108612","1":"product","2":"type-product","3":"status-publish","4":"has-post-thumbnail","6":"product_cat-krovni-nosaci-tipski","7":"pa_brend-renault","9":"first","10":"instock","11":"taxable","12":"shipping-taxable","13":"purchasable","14":"product-type-simple"},"acf":[],"custom_product_id":"12262","_links":{"self":[{"href":"https:\/\/autostil.ba\/maloprodaja\/wp-json\/wp\/v2\/product\/108612","targetHints":{"allow":["GET"]}}],"collection":[{"href":"https:\/\/autostil.ba\/maloprodaja\/wp-json\/wp\/v2\/product"}],"about":[{"href":"https:\/\/autostil.ba\/maloprodaja\/wp-json\/wp\/v2\/types\/product"}],"replies":[{"embeddable":true,"href":"https:\/\/autostil.ba\/maloprodaja\/wp-json\/wp\/v2\/comments?post=108612"}],"version-history":[{"count":1,"href":"https:\/\/autostil.ba\/maloprodaja\/wp-json\/wp\/v2\/product\/108612\/revisions"}],"predecessor-version":[{"id":108614,"href":"https:\/\/autostil.ba\/maloprodaja\/wp-json\/wp\/v2\/product\/108612\/revisions\/108614"}],"wp:featuredmedia":[{"embeddable":true,"href":"https:\/\/autostil.ba\/maloprodaja\/wp-json\/wp\/v2\/media\/108613"}],"wp:attachment":[{"href":"https:\/\/autostil.ba\/maloprodaja\/wp-json\/wp\/v2\/media?parent=108612"}],"wp:term":[{"taxonomy":"product_brand","embeddable":true,"href":"https:\/\/autostil.ba\/maloprodaja\/wp-json\/wp\/v2\/product_brand?post=108612"},{"taxonomy":"product_cat","embeddable":true,"href":"https:\/\/autostil.ba\/maloprodaja\/wp-json\/wp\/v2\/product_cat?post=108612"},{"taxonomy":"product_tag","embeddable":true,"href":"https:\/\/autostil.ba\/maloprodaja\/wp-json\/wp\/v2\/product_tag?post=108612"}],"curies":[{"name":"wp","href":"https:\/\/api.w.org\/{rel}","templated":true}]}}