{"id":108002,"date":"2024-07-18T08:06:35","date_gmt":"2024-07-18T06:06:35","guid":{"rendered":"https:\/\/autostil.ba\/maloprodaja\/?post_type=product&#038;p=108002"},"modified":"2026-04-14T12:01:41","modified_gmt":"2026-04-14T10:01:41","slug":"krovni-nosac-g3-audi-200-karavan-rails-5p-1994-aluminijumske-sipke","status":"publish","type":"product","link":"https:\/\/autostil.ba\/maloprodaja\/proizvod\/12199\/krovni-nosac-g3-audi-200-karavan-rails-5p-1994-aluminijumske-sipke\/","title":{"rendered":"KROVNI NOSA\u010c G3 AUDI 200 KARAVAN RAILS 5P -&gt;1994 ALUMINIJUMSKE \u0160IPKE"},"content":{"rendered":"","protected":false},"excerpt":{"rendered":"<p>Za vozila sa uzdu\u017enim \u0161ipkama obi\u010dnim i integrisanim. Du\u017eina 1100 mm, neto te\u017eina 3,4 kg, bruto te\u017eina 3,8 kg. Maksimalno optere\u0107enje 75 kg. Materijal aluminijum. Sa sigurnosnom bravicom.<\/p>\n","protected":false},"featured_media":108003,"comment_status":"open","ping_status":"closed","template":"","meta":{"_acf_changed":false,"inline_featured_image":false},"product_brand":[],"product_cat":[134],"product_tag":[],"class_list":{"0":"post-108002","1":"product","2":"type-product","3":"status-publish","4":"has-post-thumbnail","6":"product_cat-krovni-nosaci-tipski","7":"pa_brend-audi","9":"first","10":"instock","11":"taxable","12":"shipping-taxable","13":"purchasable","14":"product-type-simple"},"acf":[],"custom_product_id":"12199","_links":{"self":[{"href":"https:\/\/autostil.ba\/maloprodaja\/wp-json\/wp\/v2\/product\/108002","targetHints":{"allow":["GET"]}}],"collection":[{"href":"https:\/\/autostil.ba\/maloprodaja\/wp-json\/wp\/v2\/product"}],"about":[{"href":"https:\/\/autostil.ba\/maloprodaja\/wp-json\/wp\/v2\/types\/product"}],"replies":[{"embeddable":true,"href":"https:\/\/autostil.ba\/maloprodaja\/wp-json\/wp\/v2\/comments?post=108002"}],"version-history":[{"count":1,"href":"https:\/\/autostil.ba\/maloprodaja\/wp-json\/wp\/v2\/product\/108002\/revisions"}],"predecessor-version":[{"id":108004,"href":"https:\/\/autostil.ba\/maloprodaja\/wp-json\/wp\/v2\/product\/108002\/revisions\/108004"}],"wp:featuredmedia":[{"embeddable":true,"href":"https:\/\/autostil.ba\/maloprodaja\/wp-json\/wp\/v2\/media\/108003"}],"wp:attachment":[{"href":"https:\/\/autostil.ba\/maloprodaja\/wp-json\/wp\/v2\/media?parent=108002"}],"wp:term":[{"taxonomy":"product_brand","embeddable":true,"href":"https:\/\/autostil.ba\/maloprodaja\/wp-json\/wp\/v2\/product_brand?post=108002"},{"taxonomy":"product_cat","embeddable":true,"href":"https:\/\/autostil.ba\/maloprodaja\/wp-json\/wp\/v2\/product_cat?post=108002"},{"taxonomy":"product_tag","embeddable":true,"href":"https:\/\/autostil.ba\/maloprodaja\/wp-json\/wp\/v2\/product_tag?post=108002"}],"curies":[{"name":"wp","href":"https:\/\/api.w.org\/{rel}","templated":true}]}}