{"id":107942,"date":"2026-04-13T18:30:32","date_gmt":"2026-04-13T16:30:32","guid":{"rendered":"https:\/\/autostil.ba\/maloprodaja\/?post_type=product&#038;p=107942"},"modified":"2026-04-23T11:59:35","modified_gmt":"2026-04-23T09:59:35","slug":"kofer-za-krovni-nosac-g3-spark-eco320-sivi-240l-133x73x36cm","status":"publish","type":"product","link":"https:\/\/autostil.ba\/maloprodaja\/proizvod\/5283\/kofer-za-krovni-nosac-g3-spark-eco320-sivi-240l-133x73x36cm\/","title":{"rendered":"KOFER ZA KROVNI NOSA\u010c G3 SPARK ECO320 SIVI 240L 133X73X36cm"},"content":{"rendered":"","protected":false},"excerpt":{"rendered":"<p>Krovni kofer Dimenzije: du\u017eina 1338 mm, \u0161irina 730 mm , visina 360 mm.<br \/>\nUnutra\u0161nja du\u017eina 1248 mm, unutra\u0161nja \u0161irina 670 mm, unutra\u0161nja visina 350 mm. Testirana zapremina 240 l. Boja neprozirna, metalik siva. Neto te\u017eina 7 kg, bruto te\u017eina 10 kg. Maksimalno optere\u0107enje 50 kg. Materijal PS za\u0161ti\u0107en. Otvaranje sa strane. Prednja opruga &#8211; K3.014 \/ straga &#8211; K3.014<br \/>\njedna brava.<\/p>\n","protected":false},"featured_media":107943,"comment_status":"open","ping_status":"closed","template":"","meta":{"_acf_changed":false,"inline_featured_image":false},"product_brand":[],"product_cat":[153],"product_tag":[],"class_list":{"0":"post-107942","1":"product","2":"type-product","3":"status-publish","4":"has-post-thumbnail","6":"product_cat-krovni-koferi","8":"first","9":"instock","10":"taxable","11":"shipping-taxable","12":"purchasable","13":"product-type-simple"},"acf":[],"custom_product_id":"5283","_links":{"self":[{"href":"https:\/\/autostil.ba\/maloprodaja\/wp-json\/wp\/v2\/product\/107942","targetHints":{"allow":["GET"]}}],"collection":[{"href":"https:\/\/autostil.ba\/maloprodaja\/wp-json\/wp\/v2\/product"}],"about":[{"href":"https:\/\/autostil.ba\/maloprodaja\/wp-json\/wp\/v2\/types\/product"}],"replies":[{"embeddable":true,"href":"https:\/\/autostil.ba\/maloprodaja\/wp-json\/wp\/v2\/comments?post=107942"}],"version-history":[{"count":2,"href":"https:\/\/autostil.ba\/maloprodaja\/wp-json\/wp\/v2\/product\/107942\/revisions"}],"predecessor-version":[{"id":793053641,"href":"https:\/\/autostil.ba\/maloprodaja\/wp-json\/wp\/v2\/product\/107942\/revisions\/793053641"}],"wp:featuredmedia":[{"embeddable":true,"href":"https:\/\/autostil.ba\/maloprodaja\/wp-json\/wp\/v2\/media\/107943"}],"wp:attachment":[{"href":"https:\/\/autostil.ba\/maloprodaja\/wp-json\/wp\/v2\/media?parent=107942"}],"wp:term":[{"taxonomy":"product_brand","embeddable":true,"href":"https:\/\/autostil.ba\/maloprodaja\/wp-json\/wp\/v2\/product_brand?post=107942"},{"taxonomy":"product_cat","embeddable":true,"href":"https:\/\/autostil.ba\/maloprodaja\/wp-json\/wp\/v2\/product_cat?post=107942"},{"taxonomy":"product_tag","embeddable":true,"href":"https:\/\/autostil.ba\/maloprodaja\/wp-json\/wp\/v2\/product_tag?post=107942"}],"curies":[{"name":"wp","href":"https:\/\/api.w.org\/{rel}","templated":true}]}}