{"id":107932,"date":"2024-07-18T08:06:32","date_gmt":"2024-07-18T08:06:32","guid":{"rendered":"https:\/\/autostil.ba\/maloprodaja\/?post_type=product&#038;p=107932"},"modified":"2026-04-08T11:36:13","modified_gmt":"2026-04-08T09:36:13","slug":"redukcija-krovnog-nosaca","status":"publish","type":"product","link":"https:\/\/autostil.ba\/maloprodaja\/proizvod\/7345\/redukcija-krovnog-nosaca\/","title":{"rendered":"REDUKCIJA KROVNOG NOSA\u010cA"},"content":{"rendered":"","protected":false},"excerpt":{"rendered":"<p>REDUKCIJA KROVNOG NOSA\u010cA  Set od 4 klizne garniture za pri\u010dvr\u0161\u0107ivanje u obliku slova \u201eT\u201c. Ova opcija omogu\u0107uje sigurno pri\u010dvr\u0161\u0107ivanje svake dodatne opreme na va\u0161em krovu na nevidljiv na\u010din. Pogodno za sve aluminijske \u0161ipke. Dimenzije: du\u017eina: 25 mm, \u0161irina 19 mm, visina 5,5 mm.  4 komada.<\/p>\n","protected":false},"featured_media":107933,"comment_status":"open","ping_status":"closed","template":"","meta":{"_acf_changed":false,"inline_featured_image":false},"product_brand":[],"product_cat":[173],"product_tag":[],"class_list":{"0":"post-107932","1":"product","2":"type-product","3":"status-publish","4":"has-post-thumbnail","6":"product_cat-dodaci-i-rezervni-dijelovi","7":"pa_brend-univrzalno","9":"first","10":"instock","11":"taxable","12":"shipping-taxable","13":"purchasable","14":"product-type-simple"},"acf":[],"custom_product_id":"7345","_links":{"self":[{"href":"https:\/\/autostil.ba\/maloprodaja\/wp-json\/wp\/v2\/product\/107932","targetHints":{"allow":["GET"]}}],"collection":[{"href":"https:\/\/autostil.ba\/maloprodaja\/wp-json\/wp\/v2\/product"}],"about":[{"href":"https:\/\/autostil.ba\/maloprodaja\/wp-json\/wp\/v2\/types\/product"}],"replies":[{"embeddable":true,"href":"https:\/\/autostil.ba\/maloprodaja\/wp-json\/wp\/v2\/comments?post=107932"}],"version-history":[{"count":1,"href":"https:\/\/autostil.ba\/maloprodaja\/wp-json\/wp\/v2\/product\/107932\/revisions"}],"predecessor-version":[{"id":107934,"href":"https:\/\/autostil.ba\/maloprodaja\/wp-json\/wp\/v2\/product\/107932\/revisions\/107934"}],"wp:featuredmedia":[{"embeddable":true,"href":"https:\/\/autostil.ba\/maloprodaja\/wp-json\/wp\/v2\/media\/107933"}],"wp:attachment":[{"href":"https:\/\/autostil.ba\/maloprodaja\/wp-json\/wp\/v2\/media?parent=107932"}],"wp:term":[{"taxonomy":"product_brand","embeddable":true,"href":"https:\/\/autostil.ba\/maloprodaja\/wp-json\/wp\/v2\/product_brand?post=107932"},{"taxonomy":"product_cat","embeddable":true,"href":"https:\/\/autostil.ba\/maloprodaja\/wp-json\/wp\/v2\/product_cat?post=107932"},{"taxonomy":"product_tag","embeddable":true,"href":"https:\/\/autostil.ba\/maloprodaja\/wp-json\/wp\/v2\/product_tag?post=107932"}],"curies":[{"name":"wp","href":"https:\/\/api.w.org\/{rel}","templated":true}]}}