{"id":107632,"date":"2024-07-18T08:06:19","date_gmt":"2024-07-18T06:06:19","guid":{"rendered":"https:\/\/autostil.ba\/maloprodaja\/?post_type=product&#038;p=107632"},"modified":"2026-04-08T11:35:55","modified_gmt":"2026-04-08T09:35:55","slug":"krovni-nosac-g3-skoda-felicia-i-karavan-rails-5p-1995-1998-aerotwin","status":"publish","type":"product","link":"https:\/\/autostil.ba\/maloprodaja\/proizvod\/12378\/krovni-nosac-g3-skoda-felicia-i-karavan-rails-5p-1995-1998-aerotwin\/","title":{"rendered":"KROVNI NOSA\u010c G3 \u0160KODA FELICIA I KARAVAN RAILS 5P 1995-1998 AEROTWIN"},"content":{"rendered":"","protected":false},"excerpt":{"rendered":"<p>AERODINAMI\u010cKE ALUMINIJUMSKE \u0160IPKE; Za vozila sa uzdu\u017enim \u0161ipkama obi\u010dnim i integrisanim. Du\u017eina 1100 mm, neto te\u017eina 3,7 kg, bruto te\u017eina 4,2 kg. Maksimalno optere\u0107enje 75 kg. Materijal aluminijum. Sa sigurnosnom bravicom.<\/p>\n","protected":false},"featured_media":107633,"comment_status":"open","ping_status":"closed","template":"","meta":{"_acf_changed":false,"inline_featured_image":false},"product_brand":[],"product_cat":[134],"product_tag":[],"class_list":{"0":"post-107632","1":"product","2":"type-product","3":"status-publish","4":"has-post-thumbnail","6":"product_cat-krovni-nosaci-tipski","7":"pa_brend-skoda","9":"first","10":"instock","11":"taxable","12":"shipping-taxable","13":"purchasable","14":"product-type-simple"},"acf":[],"custom_product_id":"12378","_links":{"self":[{"href":"https:\/\/autostil.ba\/maloprodaja\/wp-json\/wp\/v2\/product\/107632","targetHints":{"allow":["GET"]}}],"collection":[{"href":"https:\/\/autostil.ba\/maloprodaja\/wp-json\/wp\/v2\/product"}],"about":[{"href":"https:\/\/autostil.ba\/maloprodaja\/wp-json\/wp\/v2\/types\/product"}],"replies":[{"embeddable":true,"href":"https:\/\/autostil.ba\/maloprodaja\/wp-json\/wp\/v2\/comments?post=107632"}],"version-history":[{"count":1,"href":"https:\/\/autostil.ba\/maloprodaja\/wp-json\/wp\/v2\/product\/107632\/revisions"}],"predecessor-version":[{"id":107634,"href":"https:\/\/autostil.ba\/maloprodaja\/wp-json\/wp\/v2\/product\/107632\/revisions\/107634"}],"wp:featuredmedia":[{"embeddable":true,"href":"https:\/\/autostil.ba\/maloprodaja\/wp-json\/wp\/v2\/media\/107633"}],"wp:attachment":[{"href":"https:\/\/autostil.ba\/maloprodaja\/wp-json\/wp\/v2\/media?parent=107632"}],"wp:term":[{"taxonomy":"product_brand","embeddable":true,"href":"https:\/\/autostil.ba\/maloprodaja\/wp-json\/wp\/v2\/product_brand?post=107632"},{"taxonomy":"product_cat","embeddable":true,"href":"https:\/\/autostil.ba\/maloprodaja\/wp-json\/wp\/v2\/product_cat?post=107632"},{"taxonomy":"product_tag","embeddable":true,"href":"https:\/\/autostil.ba\/maloprodaja\/wp-json\/wp\/v2\/product_tag?post=107632"}],"curies":[{"name":"wp","href":"https:\/\/api.w.org\/{rel}","templated":true}]}}