{"id":107382,"date":"2024-07-18T08:06:09","date_gmt":"2024-07-18T06:06:09","guid":{"rendered":"https:\/\/autostil.ba\/maloprodaja\/?post_type=product&#038;p=107382"},"modified":"2026-04-08T11:35:43","modified_gmt":"2026-04-08T09:35:43","slug":"krovni-nosac-g3-nissan-pathfinder-rails-3p-5p-2005-2010-aerotwin","status":"publish","type":"product","link":"https:\/\/autostil.ba\/maloprodaja\/proizvod\/12353\/krovni-nosac-g3-nissan-pathfinder-rails-3p-5p-2005-2010-aerotwin\/","title":{"rendered":"KROVNI NOSA\u010c G3 NISSAN PATHFINDER RAILS 3P\/5P 2005-2010 AEROTWIN"},"content":{"rendered":"","protected":false},"excerpt":{"rendered":"<p>AERODINAMI\u010cKE ALUMINIJUMSKE \u0160IPKE; Za vozila sa uzdu\u017enim \u0161ipkama obi\u010dnim i integrisanim. Du\u017eina 1100 mm, neto te\u017eina 3,7 kg, bruto te\u017eina 4,2 kg. Maksimalno optere\u0107enje 75 kg. Materijal aluminijum. Sa sigurnosnom bravicom.<\/p>\n","protected":false},"featured_media":107383,"comment_status":"open","ping_status":"closed","template":"","meta":{"_acf_changed":false,"inline_featured_image":false},"product_brand":[],"product_cat":[134],"product_tag":[],"class_list":{"0":"post-107382","1":"product","2":"type-product","3":"status-publish","4":"has-post-thumbnail","6":"product_cat-krovni-nosaci-tipski","7":"pa_brend-nissan","9":"first","10":"instock","11":"taxable","12":"shipping-taxable","13":"purchasable","14":"product-type-simple"},"acf":[],"custom_product_id":"12353","_links":{"self":[{"href":"https:\/\/autostil.ba\/maloprodaja\/wp-json\/wp\/v2\/product\/107382","targetHints":{"allow":["GET"]}}],"collection":[{"href":"https:\/\/autostil.ba\/maloprodaja\/wp-json\/wp\/v2\/product"}],"about":[{"href":"https:\/\/autostil.ba\/maloprodaja\/wp-json\/wp\/v2\/types\/product"}],"replies":[{"embeddable":true,"href":"https:\/\/autostil.ba\/maloprodaja\/wp-json\/wp\/v2\/comments?post=107382"}],"version-history":[{"count":1,"href":"https:\/\/autostil.ba\/maloprodaja\/wp-json\/wp\/v2\/product\/107382\/revisions"}],"predecessor-version":[{"id":107384,"href":"https:\/\/autostil.ba\/maloprodaja\/wp-json\/wp\/v2\/product\/107382\/revisions\/107384"}],"wp:featuredmedia":[{"embeddable":true,"href":"https:\/\/autostil.ba\/maloprodaja\/wp-json\/wp\/v2\/media\/107383"}],"wp:attachment":[{"href":"https:\/\/autostil.ba\/maloprodaja\/wp-json\/wp\/v2\/media?parent=107382"}],"wp:term":[{"taxonomy":"product_brand","embeddable":true,"href":"https:\/\/autostil.ba\/maloprodaja\/wp-json\/wp\/v2\/product_brand?post=107382"},{"taxonomy":"product_cat","embeddable":true,"href":"https:\/\/autostil.ba\/maloprodaja\/wp-json\/wp\/v2\/product_cat?post=107382"},{"taxonomy":"product_tag","embeddable":true,"href":"https:\/\/autostil.ba\/maloprodaja\/wp-json\/wp\/v2\/product_tag?post=107382"}],"curies":[{"name":"wp","href":"https:\/\/api.w.org\/{rel}","templated":true}]}}