{"id":107182,"date":"2024-07-18T08:06:00","date_gmt":"2024-07-18T06:06:00","guid":{"rendered":"https:\/\/autostil.ba\/maloprodaja\/?post_type=product&#038;p=107182"},"modified":"2026-04-08T11:35:32","modified_gmt":"2026-04-08T09:35:32","slug":"krovni-nosac-g3-ford-fiesta-activ-rails-5p-2018-aerotwin","status":"publish","type":"product","link":"https:\/\/autostil.ba\/maloprodaja\/proizvod\/12332\/krovni-nosac-g3-ford-fiesta-activ-rails-5p-2018-aerotwin\/","title":{"rendered":"KROVNI NOSA\u010c G3 FORD FIESTA ACTIV RAILS 5P 2018-&gt; AEROTWIN"},"content":{"rendered":"","protected":false},"excerpt":{"rendered":"<p>AERODINAMI\u010cKE ALUMINIJUMSKE \u0160IPKE; Za vozila sa uzdu\u017enim \u0161ipkama obi\u010dnim i integrisanim. Du\u017eina 1100 mm, neto te\u017eina 3,7 kg, bruto te\u017eina 4,2 kg. Maksimalno optere\u0107enje 75 kg. Materijal aluminijum. Sa sigurnosnom bravicom.<\/p>\n","protected":false},"featured_media":107183,"comment_status":"open","ping_status":"closed","template":"","meta":{"_acf_changed":false,"inline_featured_image":false},"product_brand":[],"product_cat":[134],"product_tag":[],"class_list":{"0":"post-107182","1":"product","2":"type-product","3":"status-publish","4":"has-post-thumbnail","6":"product_cat-krovni-nosaci-tipski","7":"pa_brend-ford","9":"first","10":"instock","11":"taxable","12":"shipping-taxable","13":"purchasable","14":"product-type-simple"},"acf":[],"custom_product_id":"12332","_links":{"self":[{"href":"https:\/\/autostil.ba\/maloprodaja\/wp-json\/wp\/v2\/product\/107182","targetHints":{"allow":["GET"]}}],"collection":[{"href":"https:\/\/autostil.ba\/maloprodaja\/wp-json\/wp\/v2\/product"}],"about":[{"href":"https:\/\/autostil.ba\/maloprodaja\/wp-json\/wp\/v2\/types\/product"}],"replies":[{"embeddable":true,"href":"https:\/\/autostil.ba\/maloprodaja\/wp-json\/wp\/v2\/comments?post=107182"}],"version-history":[{"count":1,"href":"https:\/\/autostil.ba\/maloprodaja\/wp-json\/wp\/v2\/product\/107182\/revisions"}],"predecessor-version":[{"id":107184,"href":"https:\/\/autostil.ba\/maloprodaja\/wp-json\/wp\/v2\/product\/107182\/revisions\/107184"}],"wp:featuredmedia":[{"embeddable":true,"href":"https:\/\/autostil.ba\/maloprodaja\/wp-json\/wp\/v2\/media\/107183"}],"wp:attachment":[{"href":"https:\/\/autostil.ba\/maloprodaja\/wp-json\/wp\/v2\/media?parent=107182"}],"wp:term":[{"taxonomy":"product_brand","embeddable":true,"href":"https:\/\/autostil.ba\/maloprodaja\/wp-json\/wp\/v2\/product_brand?post=107182"},{"taxonomy":"product_cat","embeddable":true,"href":"https:\/\/autostil.ba\/maloprodaja\/wp-json\/wp\/v2\/product_cat?post=107182"},{"taxonomy":"product_tag","embeddable":true,"href":"https:\/\/autostil.ba\/maloprodaja\/wp-json\/wp\/v2\/product_tag?post=107182"}],"curies":[{"name":"wp","href":"https:\/\/api.w.org\/{rel}","templated":true}]}}