{"id":106852,"date":"2024-07-18T08:05:46","date_gmt":"2024-07-18T08:05:46","guid":{"rendered":"https:\/\/autostil.ba\/maloprodaja\/?post_type=product&#038;p=106852"},"modified":"2026-04-08T11:35:10","modified_gmt":"2026-04-08T09:35:10","slug":"bravica-sa-kljucevima-za-krovni-nosac-g3","status":"publish","type":"product","link":"https:\/\/autostil.ba\/maloprodaja\/proizvod\/11468\/bravica-sa-kljucevima-za-krovni-nosac-g3\/","title":{"rendered":"BRAVICA SA KLJU\u010cEVIMA ZA KROVNI NOSA\u010c G3"},"content":{"rendered":"","protected":false},"excerpt":{"rendered":"<p>Komplet sastavljen od 4 brave i 2 klju\u010da. Samo jedna kombinacija. Mo\u017ee pomo\u0107i kao rezervni dio ili pobolj\u0161ati sigurnost proizvoda koji nemaju ovakav ure\u0111aj.<\/p>\n<p>* Komplet protiv kra\u0111e 69.015 kompatibilan sa: 64.110 \u2013 64.130 \u2013 64.150 \u2013 64.210 \u2013 64.230<\/p>\n","protected":false},"featured_media":106853,"comment_status":"open","ping_status":"closed","template":"","meta":{"_acf_changed":false,"inline_featured_image":false},"product_brand":[],"product_cat":[173],"product_tag":[],"class_list":{"0":"post-106852","1":"product","2":"type-product","3":"status-publish","4":"has-post-thumbnail","6":"product_cat-dodaci-i-rezervni-dijelovi","8":"first","9":"instock","10":"taxable","11":"shipping-taxable","12":"purchasable","13":"product-type-simple"},"acf":[],"custom_product_id":"11468","_links":{"self":[{"href":"https:\/\/autostil.ba\/maloprodaja\/wp-json\/wp\/v2\/product\/106852","targetHints":{"allow":["GET"]}}],"collection":[{"href":"https:\/\/autostil.ba\/maloprodaja\/wp-json\/wp\/v2\/product"}],"about":[{"href":"https:\/\/autostil.ba\/maloprodaja\/wp-json\/wp\/v2\/types\/product"}],"replies":[{"embeddable":true,"href":"https:\/\/autostil.ba\/maloprodaja\/wp-json\/wp\/v2\/comments?post=106852"}],"version-history":[{"count":1,"href":"https:\/\/autostil.ba\/maloprodaja\/wp-json\/wp\/v2\/product\/106852\/revisions"}],"predecessor-version":[{"id":106854,"href":"https:\/\/autostil.ba\/maloprodaja\/wp-json\/wp\/v2\/product\/106852\/revisions\/106854"}],"wp:featuredmedia":[{"embeddable":true,"href":"https:\/\/autostil.ba\/maloprodaja\/wp-json\/wp\/v2\/media\/106853"}],"wp:attachment":[{"href":"https:\/\/autostil.ba\/maloprodaja\/wp-json\/wp\/v2\/media?parent=106852"}],"wp:term":[{"taxonomy":"product_brand","embeddable":true,"href":"https:\/\/autostil.ba\/maloprodaja\/wp-json\/wp\/v2\/product_brand?post=106852"},{"taxonomy":"product_cat","embeddable":true,"href":"https:\/\/autostil.ba\/maloprodaja\/wp-json\/wp\/v2\/product_cat?post=106852"},{"taxonomy":"product_tag","embeddable":true,"href":"https:\/\/autostil.ba\/maloprodaja\/wp-json\/wp\/v2\/product_tag?post=106852"}],"curies":[{"name":"wp","href":"https:\/\/api.w.org\/{rel}","templated":true}]}}