{"id":106832,"date":"2025-11-19T14:56:44","date_gmt":"2025-11-19T12:56:44","guid":{"rendered":"https:\/\/autostil.ba\/maloprodaja\/?post_type=product&#038;p=106832"},"modified":"2026-04-08T11:35:10","modified_gmt":"2026-04-08T09:35:10","slug":"kofer-za-krovni-nosac-g3-spark-rapid520-420l-177x93x37cm","status":"publish","type":"product","link":"https:\/\/autostil.ba\/maloprodaja\/proizvod\/10751\/kofer-za-krovni-nosac-g3-spark-rapid520-420l-177x93x37cm\/","title":{"rendered":"KOFER ZA KROVNI NOSA\u010c G3 SPARK RAPID520 420L 177x93x37cm"},"content":{"rendered":"","protected":false},"excerpt":{"rendered":"<p>Krovni kofer Dimenzije: du\u017eina 1776 mm, \u0161irina 938 mm, visina 369 mm. Unutra\u0161nja du\u017eina 1686 mm, unutra\u0161nja \u0161irina 838 mm, unutra\u0161nja visina 369 mm. Prava testirana zapremina 420 l. Boja crna metalik. Neto te\u017eina 16,4 kg, bruto te\u017eina 21,4 kg. Maksimalno optere\u0107enje 75 kg. Materijal P.S. UV za\u0161ti\u0107en. Otvaranje obostrano. Prednja opruga &#8211; K3.014 \/ straga &#8211; K3.014. Dvije brave centralizovane.<\/p>\n","protected":false},"featured_media":106833,"comment_status":"open","ping_status":"closed","template":"","meta":{"_acf_changed":false,"inline_featured_image":false},"product_brand":[],"product_cat":[153],"product_tag":[],"class_list":{"0":"post-106832","1":"product","2":"type-product","3":"status-publish","4":"has-post-thumbnail","6":"product_cat-krovni-koferi","8":"first","9":"instock","10":"taxable","11":"shipping-taxable","12":"purchasable","13":"product-type-simple"},"acf":[],"custom_product_id":"10751","_links":{"self":[{"href":"https:\/\/autostil.ba\/maloprodaja\/wp-json\/wp\/v2\/product\/106832","targetHints":{"allow":["GET"]}}],"collection":[{"href":"https:\/\/autostil.ba\/maloprodaja\/wp-json\/wp\/v2\/product"}],"about":[{"href":"https:\/\/autostil.ba\/maloprodaja\/wp-json\/wp\/v2\/types\/product"}],"replies":[{"embeddable":true,"href":"https:\/\/autostil.ba\/maloprodaja\/wp-json\/wp\/v2\/comments?post=106832"}],"version-history":[{"count":1,"href":"https:\/\/autostil.ba\/maloprodaja\/wp-json\/wp\/v2\/product\/106832\/revisions"}],"predecessor-version":[{"id":106834,"href":"https:\/\/autostil.ba\/maloprodaja\/wp-json\/wp\/v2\/product\/106832\/revisions\/106834"}],"wp:featuredmedia":[{"embeddable":true,"href":"https:\/\/autostil.ba\/maloprodaja\/wp-json\/wp\/v2\/media\/106833"}],"wp:attachment":[{"href":"https:\/\/autostil.ba\/maloprodaja\/wp-json\/wp\/v2\/media?parent=106832"}],"wp:term":[{"taxonomy":"product_brand","embeddable":true,"href":"https:\/\/autostil.ba\/maloprodaja\/wp-json\/wp\/v2\/product_brand?post=106832"},{"taxonomy":"product_cat","embeddable":true,"href":"https:\/\/autostil.ba\/maloprodaja\/wp-json\/wp\/v2\/product_cat?post=106832"},{"taxonomy":"product_tag","embeddable":true,"href":"https:\/\/autostil.ba\/maloprodaja\/wp-json\/wp\/v2\/product_tag?post=106832"}],"curies":[{"name":"wp","href":"https:\/\/api.w.org\/{rel}","templated":true}]}}