{"id":106822,"date":"2026-04-13T18:29:43","date_gmt":"2026-04-13T16:29:43","guid":{"rendered":"https:\/\/autostil.ba\/maloprodaja\/?post_type=product&#038;p=106822"},"modified":"2026-04-23T11:59:35","modified_gmt":"2026-04-23T09:59:35","slug":"kofer-za-krovni-nosac-g3-spark-rapid480-390l-195x74x36","status":"publish","type":"product","link":"https:\/\/autostil.ba\/maloprodaja\/proizvod\/10750\/kofer-za-krovni-nosac-g3-spark-rapid480-390l-195x74x36\/","title":{"rendered":"KOFER ZA KROVNI NOSA\u010c G3 SPARK RAPID480 390L 195x74x36"},"content":{"rendered":"","protected":false},"excerpt":{"rendered":"<p>Krovni kofer Dimenzije: du\u017eina 1950 mm, \u0161irina 738 mm, visina 360 mm. Unutra\u0161nja du\u017eina 1860 mm, unutra\u0161nja \u0161irina 638 mm, unutra\u0161nja visina 350 mm. Prava testirana zapremina 390 l. Boja crna metalik. Neto te\u017eina 13 kg, bruto te\u017eina 16,5 kg. Maksimalno optere\u0107enje 75 kg. Materijal P.S. UV za\u0161ti\u0107en. Otvaranje obostrano. Prednja opruga &#8211; K3.014 \/ straga &#8211; K3.014. Dvije brave centralizovane.<\/p>\n","protected":false},"featured_media":106823,"comment_status":"open","ping_status":"closed","template":"","meta":{"_acf_changed":false,"inline_featured_image":false},"product_brand":[],"product_cat":[153],"product_tag":[],"class_list":{"0":"post-106822","1":"product","2":"type-product","3":"status-publish","4":"has-post-thumbnail","6":"product_cat-krovni-koferi","8":"first","9":"instock","10":"taxable","11":"shipping-taxable","12":"purchasable","13":"product-type-simple"},"acf":[],"custom_product_id":"10750","_links":{"self":[{"href":"https:\/\/autostil.ba\/maloprodaja\/wp-json\/wp\/v2\/product\/106822","targetHints":{"allow":["GET"]}}],"collection":[{"href":"https:\/\/autostil.ba\/maloprodaja\/wp-json\/wp\/v2\/product"}],"about":[{"href":"https:\/\/autostil.ba\/maloprodaja\/wp-json\/wp\/v2\/types\/product"}],"replies":[{"embeddable":true,"href":"https:\/\/autostil.ba\/maloprodaja\/wp-json\/wp\/v2\/comments?post=106822"}],"version-history":[{"count":1,"href":"https:\/\/autostil.ba\/maloprodaja\/wp-json\/wp\/v2\/product\/106822\/revisions"}],"predecessor-version":[{"id":106824,"href":"https:\/\/autostil.ba\/maloprodaja\/wp-json\/wp\/v2\/product\/106822\/revisions\/106824"}],"wp:featuredmedia":[{"embeddable":true,"href":"https:\/\/autostil.ba\/maloprodaja\/wp-json\/wp\/v2\/media\/106823"}],"wp:attachment":[{"href":"https:\/\/autostil.ba\/maloprodaja\/wp-json\/wp\/v2\/media?parent=106822"}],"wp:term":[{"taxonomy":"product_brand","embeddable":true,"href":"https:\/\/autostil.ba\/maloprodaja\/wp-json\/wp\/v2\/product_brand?post=106822"},{"taxonomy":"product_cat","embeddable":true,"href":"https:\/\/autostil.ba\/maloprodaja\/wp-json\/wp\/v2\/product_cat?post=106822"},{"taxonomy":"product_tag","embeddable":true,"href":"https:\/\/autostil.ba\/maloprodaja\/wp-json\/wp\/v2\/product_tag?post=106822"}],"curies":[{"name":"wp","href":"https:\/\/api.w.org\/{rel}","templated":true}]}}