{"id":106782,"date":"2025-11-19T14:58:42","date_gmt":"2025-11-19T12:58:42","guid":{"rendered":"https:\/\/autostil.ba\/maloprodaja\/?post_type=product&#038;p=106782"},"modified":"2026-04-08T11:35:10","modified_gmt":"2026-04-08T09:35:10","slug":"nosac-za-biciklo-4-1-montaza-na-kuku","status":"publish","type":"product","link":"https:\/\/autostil.ba\/maloprodaja\/proizvod\/13263\/nosac-za-biciklo-4-1-montaza-na-kuku\/","title":{"rendered":"NOSA\u010c ZA BICIKL 4\/1 G3 (MONTA\u017dA NA KUKU)"},"content":{"rendered":"","protected":false},"excerpt":{"rendered":"<p>Brzo i jednostavno za postavljanje i uklanjanje;<br \/>\nSavjeti za pristup pokretanju;<br \/>\nDvostruko siguran sa sigurnosnom trakom pri\u010dvr\u0161\u0107enom za okvir;<br \/>\nKompletno sa homologiranim stra\u017enjim svjetlom i 13-pinskim utika\u010dem;<br \/>\nPotpuna evropska homologacija.<br \/>\n\u0160irina: 1090 mm, Visina: 610 mm, Te\u017eina: 15,9 kg, Max. optere\u0107enje: 60 kg, Materijal: \u010delik, Max. bicikala: 4, Max. presjek okvira: 60 mm, Max. presjek to\u010dkova: 80 mm, Me\u0111uosovinsko rastojanje bicikla: 1200 mm.<\/p>\n","protected":false},"featured_media":793045265,"comment_status":"open","ping_status":"closed","template":"","meta":{"_acf_changed":false,"inline_featured_image":false},"product_brand":[],"product_cat":[910],"product_tag":[],"class_list":{"0":"post-106782","1":"product","2":"type-product","3":"status-publish","4":"has-post-thumbnail","6":"product_cat-nosaci-za-bicikl","8":"first","9":"instock","10":"taxable","11":"shipping-taxable","12":"purchasable","13":"product-type-simple"},"acf":[],"custom_product_id":"13263","_links":{"self":[{"href":"https:\/\/autostil.ba\/maloprodaja\/wp-json\/wp\/v2\/product\/106782","targetHints":{"allow":["GET"]}}],"collection":[{"href":"https:\/\/autostil.ba\/maloprodaja\/wp-json\/wp\/v2\/product"}],"about":[{"href":"https:\/\/autostil.ba\/maloprodaja\/wp-json\/wp\/v2\/types\/product"}],"replies":[{"embeddable":true,"href":"https:\/\/autostil.ba\/maloprodaja\/wp-json\/wp\/v2\/comments?post=106782"}],"version-history":[{"count":2,"href":"https:\/\/autostil.ba\/maloprodaja\/wp-json\/wp\/v2\/product\/106782\/revisions"}],"predecessor-version":[{"id":793045264,"href":"https:\/\/autostil.ba\/maloprodaja\/wp-json\/wp\/v2\/product\/106782\/revisions\/793045264"}],"wp:featuredmedia":[{"embeddable":true,"href":"https:\/\/autostil.ba\/maloprodaja\/wp-json\/wp\/v2\/media\/793045265"}],"wp:attachment":[{"href":"https:\/\/autostil.ba\/maloprodaja\/wp-json\/wp\/v2\/media?parent=106782"}],"wp:term":[{"taxonomy":"product_brand","embeddable":true,"href":"https:\/\/autostil.ba\/maloprodaja\/wp-json\/wp\/v2\/product_brand?post=106782"},{"taxonomy":"product_cat","embeddable":true,"href":"https:\/\/autostil.ba\/maloprodaja\/wp-json\/wp\/v2\/product_cat?post=106782"},{"taxonomy":"product_tag","embeddable":true,"href":"https:\/\/autostil.ba\/maloprodaja\/wp-json\/wp\/v2\/product_tag?post=106782"}],"curies":[{"name":"wp","href":"https:\/\/api.w.org\/{rel}","templated":true}]}}