{"id":106452,"date":"2024-07-18T08:05:28","date_gmt":"2024-07-18T08:05:28","guid":{"rendered":"https:\/\/autostil.ba\/maloprodaja\/?post_type=product&#038;p=106452"},"modified":"2026-04-08T11:34:54","modified_gmt":"2026-04-08T09:34:54","slug":"krovni-nosac-nordrive-opel-zafira-life-od-2019-sa-2-sipke","status":"publish","type":"product","link":"https:\/\/autostil.ba\/maloprodaja\/proizvod\/10372\/krovni-nosac-nordrive-opel-zafira-life-od-2019-sa-2-sipke\/","title":{"rendered":"KROVNI NOSA\u010c NORDRIVE OPEL ZAFIRA LIFE OD 2019 SA 2 \u0160IPKE"},"content":{"rendered":"","protected":false},"excerpt":{"rendered":"<p>Kompleti za ugradnju koriste sopstvene ta\u010dke za ugradnju vozila.<\/p>\n<p>Svaka podloga le\u017ei na \u010dvrstoj podlozi prilago\u0111enog oblika. Lako se montira, sve noge su opremljene sigurnosnom bravom<\/p>\n<p>LOAD CAPACITY<\/p>\n<p>Nikada nemojte prekora\u010diti maksimalno optere\u0107enje navedeno u uputama za monta\u017eu. Me\u0111utim, ovo ograni\u010denje podlije\u017ee maksimalnom optere\u0107enju prikazanom u priru\u010dniku za korisnika i odr\u017eavanje vozila. Uvijek slijedite upute za najmanje maksimalno optere\u0107enje.<br \/>\nMaksimalno optere\u0107enje je: te\u017eina \u0161ipke + te\u017eina bilo kojeg primjenjivog pribora + te\u017eina tereta<\/p>\n","protected":false},"featured_media":106453,"comment_status":"open","ping_status":"closed","template":"","meta":{"_acf_changed":false,"inline_featured_image":false},"product_brand":[],"product_cat":[134],"product_tag":[],"class_list":{"0":"post-106452","1":"product","2":"type-product","3":"status-publish","4":"has-post-thumbnail","6":"product_cat-krovni-nosaci-tipski","7":"pa_brend-opel","9":"first","10":"instock","11":"taxable","12":"shipping-taxable","13":"purchasable","14":"product-type-simple"},"acf":[],"custom_product_id":"10372","_links":{"self":[{"href":"https:\/\/autostil.ba\/maloprodaja\/wp-json\/wp\/v2\/product\/106452","targetHints":{"allow":["GET"]}}],"collection":[{"href":"https:\/\/autostil.ba\/maloprodaja\/wp-json\/wp\/v2\/product"}],"about":[{"href":"https:\/\/autostil.ba\/maloprodaja\/wp-json\/wp\/v2\/types\/product"}],"replies":[{"embeddable":true,"href":"https:\/\/autostil.ba\/maloprodaja\/wp-json\/wp\/v2\/comments?post=106452"}],"version-history":[{"count":1,"href":"https:\/\/autostil.ba\/maloprodaja\/wp-json\/wp\/v2\/product\/106452\/revisions"}],"predecessor-version":[{"id":106454,"href":"https:\/\/autostil.ba\/maloprodaja\/wp-json\/wp\/v2\/product\/106452\/revisions\/106454"}],"wp:featuredmedia":[{"embeddable":true,"href":"https:\/\/autostil.ba\/maloprodaja\/wp-json\/wp\/v2\/media\/106453"}],"wp:attachment":[{"href":"https:\/\/autostil.ba\/maloprodaja\/wp-json\/wp\/v2\/media?parent=106452"}],"wp:term":[{"taxonomy":"product_brand","embeddable":true,"href":"https:\/\/autostil.ba\/maloprodaja\/wp-json\/wp\/v2\/product_brand?post=106452"},{"taxonomy":"product_cat","embeddable":true,"href":"https:\/\/autostil.ba\/maloprodaja\/wp-json\/wp\/v2\/product_cat?post=106452"},{"taxonomy":"product_tag","embeddable":true,"href":"https:\/\/autostil.ba\/maloprodaja\/wp-json\/wp\/v2\/product_tag?post=106452"}],"curies":[{"name":"wp","href":"https:\/\/api.w.org\/{rel}","templated":true}]}}