{"id":106362,"date":"2024-07-18T08:05:24","date_gmt":"2024-07-18T06:05:24","guid":{"rendered":"https:\/\/autostil.ba\/maloprodaja\/?post_type=product&#038;p=106362"},"modified":"2026-04-08T11:34:48","modified_gmt":"2026-04-08T09:34:48","slug":"krovni-nosac-nordrive-opel-zafira-life-03-19-sa-3-sipke","status":"publish","type":"product","link":"https:\/\/autostil.ba\/maloprodaja\/proizvod\/10382\/krovni-nosac-nordrive-opel-zafira-life-03-19-sa-3-sipke\/","title":{"rendered":"KROVNI NOSA\u010c NORDRIVE OPEL ZAFIRA LIFE 03\/19&gt; SA 3 \u0160IPKE"},"content":{"rendered":"","protected":false},"excerpt":{"rendered":"<p>KROVNI NOSA\u010c NORDRIVE OPEL ZAFIRA LIFE 03\/19&gt; SA 3 \u0160IPKE;  Kompleti za ugradnju koriste sopstvene ta\u010dke za ugradnju vozila.<\/p>\n<p>Svaka podloga le\u017ei na \u010dvrstoj podlozi prilago\u0111enog oblika. Lako se montira, sve noge su opremljene sigurnosnom bravom<\/p>\n<p>LOAD CAPACITY<\/p>\n<p>Nikada nemojte prekora\u010diti maksimalno optere\u0107enje navedeno u uputama za monta\u017eu. Me\u0111utim, ovo ograni\u010denje podlije\u017ee maksimalnom optere\u0107enju prikazanom u priru\u010dniku za korisnika i odr\u017eavanje vozila. Uvijek slijedite upute za najmanje maksimalno optere\u0107enje.<br \/>\nMaksimalno optere\u0107enje je: te\u017eina \u0161ipke + te\u017eina bilo kojeg primjenjivog pribora + te\u017eina tereta<\/p>\n","protected":false},"featured_media":106363,"comment_status":"open","ping_status":"closed","template":"","meta":{"_acf_changed":false,"inline_featured_image":false},"product_brand":[],"product_cat":[134],"product_tag":[],"class_list":{"0":"post-106362","1":"product","2":"type-product","3":"status-publish","4":"has-post-thumbnail","6":"product_cat-krovni-nosaci-tipski","7":"pa_brend-opel","9":"first","10":"instock","11":"taxable","12":"shipping-taxable","13":"purchasable","14":"product-type-simple"},"acf":[],"custom_product_id":"10382","_links":{"self":[{"href":"https:\/\/autostil.ba\/maloprodaja\/wp-json\/wp\/v2\/product\/106362","targetHints":{"allow":["GET"]}}],"collection":[{"href":"https:\/\/autostil.ba\/maloprodaja\/wp-json\/wp\/v2\/product"}],"about":[{"href":"https:\/\/autostil.ba\/maloprodaja\/wp-json\/wp\/v2\/types\/product"}],"replies":[{"embeddable":true,"href":"https:\/\/autostil.ba\/maloprodaja\/wp-json\/wp\/v2\/comments?post=106362"}],"version-history":[{"count":1,"href":"https:\/\/autostil.ba\/maloprodaja\/wp-json\/wp\/v2\/product\/106362\/revisions"}],"predecessor-version":[{"id":106364,"href":"https:\/\/autostil.ba\/maloprodaja\/wp-json\/wp\/v2\/product\/106362\/revisions\/106364"}],"wp:featuredmedia":[{"embeddable":true,"href":"https:\/\/autostil.ba\/maloprodaja\/wp-json\/wp\/v2\/media\/106363"}],"wp:attachment":[{"href":"https:\/\/autostil.ba\/maloprodaja\/wp-json\/wp\/v2\/media?parent=106362"}],"wp:term":[{"taxonomy":"product_brand","embeddable":true,"href":"https:\/\/autostil.ba\/maloprodaja\/wp-json\/wp\/v2\/product_brand?post=106362"},{"taxonomy":"product_cat","embeddable":true,"href":"https:\/\/autostil.ba\/maloprodaja\/wp-json\/wp\/v2\/product_cat?post=106362"},{"taxonomy":"product_tag","embeddable":true,"href":"https:\/\/autostil.ba\/maloprodaja\/wp-json\/wp\/v2\/product_tag?post=106362"}],"curies":[{"name":"wp","href":"https:\/\/api.w.org\/{rel}","templated":true}]}}