{"id":106262,"date":"2024-09-05T12:32:19","date_gmt":"2024-09-05T10:32:19","guid":{"rendered":"https:\/\/autostil.ba\/maloprodaja\/?post_type=product&#038;p=106262"},"modified":"2026-04-08T11:34:42","modified_gmt":"2026-04-08T09:34:42","slug":"nosac-mobitela-max-0160","status":"publish","type":"product","link":"https:\/\/autostil.ba\/maloprodaja\/proizvod\/7873\/nosac-mobitela-max-0160\/","title":{"rendered":"NOSA\u010c MOBITELA MAX 0160"},"content":{"rendered":"","protected":false},"excerpt":{"rendered":"<p>NOSA\u010c MOBITELA MAX Ova je nova efikasna podloga protiv klizanja koja c\u0301e bez problema dr\u017eati va\u0161 mobilni telefon. U novom dizajnu, ima oblogu za hvatanje i slotove koji omoguc\u0301avaju va\u0161em telefonu da se krec\u0301e. Nakon prenosa na drugo mjesto jastu\u010di\u0107 ne ostavlja tragove, njegovo dr\u017eanje se ne zasniva na lijepkovima. Spoljne dimenzije: 186 k 120 mm<br \/>\nUnutra\u0161nja dimenzija: 164 k 91 mm<br \/>\nVerzija u crnoj boji.<\/p>\n","protected":false},"featured_media":106263,"comment_status":"open","ping_status":"closed","template":"","meta":{"_acf_changed":false,"inline_featured_image":false},"product_brand":[],"product_cat":[105],"product_tag":[],"class_list":{"0":"post-106262","1":"product","2":"type-product","3":"status-publish","4":"has-post-thumbnail","6":"product_cat-nosaci-mobitela-tableta-navigacije","8":"first","9":"instock","10":"taxable","11":"shipping-taxable","12":"purchasable","13":"product-type-simple"},"acf":[],"custom_product_id":"7873","_links":{"self":[{"href":"https:\/\/autostil.ba\/maloprodaja\/wp-json\/wp\/v2\/product\/106262","targetHints":{"allow":["GET"]}}],"collection":[{"href":"https:\/\/autostil.ba\/maloprodaja\/wp-json\/wp\/v2\/product"}],"about":[{"href":"https:\/\/autostil.ba\/maloprodaja\/wp-json\/wp\/v2\/types\/product"}],"replies":[{"embeddable":true,"href":"https:\/\/autostil.ba\/maloprodaja\/wp-json\/wp\/v2\/comments?post=106262"}],"version-history":[{"count":2,"href":"https:\/\/autostil.ba\/maloprodaja\/wp-json\/wp\/v2\/product\/106262\/revisions"}],"predecessor-version":[{"id":793050653,"href":"https:\/\/autostil.ba\/maloprodaja\/wp-json\/wp\/v2\/product\/106262\/revisions\/793050653"}],"wp:featuredmedia":[{"embeddable":true,"href":"https:\/\/autostil.ba\/maloprodaja\/wp-json\/wp\/v2\/media\/106263"}],"wp:attachment":[{"href":"https:\/\/autostil.ba\/maloprodaja\/wp-json\/wp\/v2\/media?parent=106262"}],"wp:term":[{"taxonomy":"product_brand","embeddable":true,"href":"https:\/\/autostil.ba\/maloprodaja\/wp-json\/wp\/v2\/product_brand?post=106262"},{"taxonomy":"product_cat","embeddable":true,"href":"https:\/\/autostil.ba\/maloprodaja\/wp-json\/wp\/v2\/product_cat?post=106262"},{"taxonomy":"product_tag","embeddable":true,"href":"https:\/\/autostil.ba\/maloprodaja\/wp-json\/wp\/v2\/product_tag?post=106262"}],"curies":[{"name":"wp","href":"https:\/\/api.w.org\/{rel}","templated":true}]}}