{"id":106252,"date":"2024-07-18T08:05:19","date_gmt":"2024-07-18T06:05:19","guid":{"rendered":"https:\/\/autostil.ba\/maloprodaja\/?post_type=product&#038;p=106252"},"modified":"2026-04-08T11:34:42","modified_gmt":"2026-04-08T09:34:42","slug":"upaljac-12v-svijetleci-max","status":"publish","type":"product","link":"https:\/\/autostil.ba\/maloprodaja\/proizvod\/1633\/upaljac-12v-svijetleci-max\/","title":{"rendered":"UPALJA\u010c 12V SVIJETLE\u0106I MAX"},"content":{"rendered":"","protected":false},"excerpt":{"rendered":"<p>UPALJA\u010c 12V SVIJETLE\u0106I MAX Upalja\u010d sa pozadinskim osvetljenjem . Metalna uti\u010dnica za upalja\u010d sa osvjetljenjem + upalja\u010d. Dizajniran za ugradnju u automobilu sa naponom od 12 V.  Komplet sadr\u017ei i upalja\u010d za cigarete.<\/p>\n","protected":false},"featured_media":106253,"comment_status":"open","ping_status":"closed","template":"","meta":{"_acf_changed":false,"inline_featured_image":false},"product_brand":[],"product_cat":[80],"product_tag":[],"class_list":{"0":"post-106252","1":"product","2":"type-product","3":"status-publish","4":"has-post-thumbnail","6":"product_cat-upaljaci-za-auto","8":"first","9":"instock","10":"taxable","11":"shipping-taxable","12":"purchasable","13":"product-type-simple"},"acf":[],"custom_product_id":"1633","_links":{"self":[{"href":"https:\/\/autostil.ba\/maloprodaja\/wp-json\/wp\/v2\/product\/106252","targetHints":{"allow":["GET"]}}],"collection":[{"href":"https:\/\/autostil.ba\/maloprodaja\/wp-json\/wp\/v2\/product"}],"about":[{"href":"https:\/\/autostil.ba\/maloprodaja\/wp-json\/wp\/v2\/types\/product"}],"replies":[{"embeddable":true,"href":"https:\/\/autostil.ba\/maloprodaja\/wp-json\/wp\/v2\/comments?post=106252"}],"version-history":[{"count":1,"href":"https:\/\/autostil.ba\/maloprodaja\/wp-json\/wp\/v2\/product\/106252\/revisions"}],"predecessor-version":[{"id":106254,"href":"https:\/\/autostil.ba\/maloprodaja\/wp-json\/wp\/v2\/product\/106252\/revisions\/106254"}],"wp:featuredmedia":[{"embeddable":true,"href":"https:\/\/autostil.ba\/maloprodaja\/wp-json\/wp\/v2\/media\/106253"}],"wp:attachment":[{"href":"https:\/\/autostil.ba\/maloprodaja\/wp-json\/wp\/v2\/media?parent=106252"}],"wp:term":[{"taxonomy":"product_brand","embeddable":true,"href":"https:\/\/autostil.ba\/maloprodaja\/wp-json\/wp\/v2\/product_brand?post=106252"},{"taxonomy":"product_cat","embeddable":true,"href":"https:\/\/autostil.ba\/maloprodaja\/wp-json\/wp\/v2\/product_cat?post=106252"},{"taxonomy":"product_tag","embeddable":true,"href":"https:\/\/autostil.ba\/maloprodaja\/wp-json\/wp\/v2\/product_tag?post=106252"}],"curies":[{"name":"wp","href":"https:\/\/api.w.org\/{rel}","templated":true}]}}