{"id":106222,"date":"2024-10-23T12:41:17","date_gmt":"2024-10-23T10:41:17","guid":{"rendered":"https:\/\/autostil.ba\/maloprodaja\/?post_type=product&#038;p=106222"},"modified":"2026-04-08T11:34:42","modified_gmt":"2026-04-08T09:34:42","slug":"navlaka-za-sjedalo-velur-max-siva","status":"publish","type":"product","link":"https:\/\/autostil.ba\/maloprodaja\/proizvod\/5892\/navlaka-za-sjedalo-velur-max-siva\/","title":{"rendered":"NAVLAKA ZA SJEDALO VELUR MAX SIVA"},"content":{"rendered":"","protected":false},"excerpt":{"rendered":"<p>NAVLAKA ZA SJEDALO VELUR MAX SIVA Masa\u017ena navlaka za sjedalo sa ugradjenim magnetima i univerzalnim sistemom za pri\u010dvr\u0161\u0107ivanje. Magneti se \u010duvaju i u sedi\u0161tu i na stra\u017enjoj strani poklopca. Njihovo djelovanje doprinosi smanjenju bolova u ki\u010dmi i kralje\u017enici tokom dugog sjedenja.<\/p>\n","protected":false},"featured_media":793045901,"comment_status":"open","ping_status":"closed","template":"","meta":{"_acf_changed":false,"inline_featured_image":false},"product_brand":[],"product_cat":[136],"product_tag":[],"class_list":{"0":"post-106222","1":"product","2":"type-product","3":"status-publish","4":"has-post-thumbnail","6":"product_cat-navlake-za-sjedala","8":"first","9":"instock","10":"taxable","11":"shipping-taxable","12":"purchasable","13":"product-type-simple"},"acf":[],"custom_product_id":"5892","_links":{"self":[{"href":"https:\/\/autostil.ba\/maloprodaja\/wp-json\/wp\/v2\/product\/106222","targetHints":{"allow":["GET"]}}],"collection":[{"href":"https:\/\/autostil.ba\/maloprodaja\/wp-json\/wp\/v2\/product"}],"about":[{"href":"https:\/\/autostil.ba\/maloprodaja\/wp-json\/wp\/v2\/types\/product"}],"replies":[{"embeddable":true,"href":"https:\/\/autostil.ba\/maloprodaja\/wp-json\/wp\/v2\/comments?post=106222"}],"version-history":[{"count":1,"href":"https:\/\/autostil.ba\/maloprodaja\/wp-json\/wp\/v2\/product\/106222\/revisions"}],"predecessor-version":[{"id":106224,"href":"https:\/\/autostil.ba\/maloprodaja\/wp-json\/wp\/v2\/product\/106222\/revisions\/106224"}],"wp:featuredmedia":[{"embeddable":true,"href":"https:\/\/autostil.ba\/maloprodaja\/wp-json\/wp\/v2\/media\/793045901"}],"wp:attachment":[{"href":"https:\/\/autostil.ba\/maloprodaja\/wp-json\/wp\/v2\/media?parent=106222"}],"wp:term":[{"taxonomy":"product_brand","embeddable":true,"href":"https:\/\/autostil.ba\/maloprodaja\/wp-json\/wp\/v2\/product_brand?post=106222"},{"taxonomy":"product_cat","embeddable":true,"href":"https:\/\/autostil.ba\/maloprodaja\/wp-json\/wp\/v2\/product_cat?post=106222"},{"taxonomy":"product_tag","embeddable":true,"href":"https:\/\/autostil.ba\/maloprodaja\/wp-json\/wp\/v2\/product_tag?post=106222"}],"curies":[{"name":"wp","href":"https:\/\/api.w.org\/{rel}","templated":true}]}}