{"id":106212,"date":"2024-07-18T08:05:17","date_gmt":"2024-07-18T08:05:17","guid":{"rendered":"https:\/\/autostil.ba\/maloprodaja\/?post_type=product&#038;p=106212"},"modified":"2026-04-08T11:34:42","modified_gmt":"2026-04-08T09:34:42","slug":"pretvarac-struje-max-220v-12v","status":"publish","type":"product","link":"https:\/\/autostil.ba\/maloprodaja\/proizvod\/7269\/pretvarac-struje-max-220v-12v\/","title":{"rendered":"PRETVARA\u010c STRUJE MAX 220V &#8211; 12V"},"content":{"rendered":"","protected":false},"excerpt":{"rendered":"<p>Sa ovim pretvara\u010dem struje  mo\u017eete koristiti 12V ure\u0111aje poput kompresora, usisava\u010da, fri\u017eidera i jo\u0161 mnogo toga. Da biste izbjegli opasnost od elektri\u010dnog udara, pretvara\u010d treba za\u0161tititi od vlage i vode. Izvor napona mora napajati 12V AC, naizmjeni\u010dna struja. Pretvara\u010d izmjeni\u010dnog i istosmjernog napona<br \/>\n230V do 12V 3A 36W. Samo za unutra\u0161nju upotrebu.  Savr\u0161eno za kori\u0161tenje 12V ure\u0111aja kod ku\u0107e.  Du\u017eina kabla 90cm. AC \/ DC adapter.<\/p>\n","protected":false},"featured_media":106213,"comment_status":"open","ping_status":"closed","template":"","meta":{"_acf_changed":false,"inline_featured_image":false},"product_brand":[],"product_cat":[150],"product_tag":[],"class_list":{"0":"post-106212","1":"product","2":"type-product","3":"status-publish","4":"has-post-thumbnail","6":"product_cat-pretvaraci-struje","8":"first","9":"instock","10":"taxable","11":"shipping-taxable","12":"purchasable","13":"product-type-simple"},"acf":[],"custom_product_id":"7269","_links":{"self":[{"href":"https:\/\/autostil.ba\/maloprodaja\/wp-json\/wp\/v2\/product\/106212","targetHints":{"allow":["GET"]}}],"collection":[{"href":"https:\/\/autostil.ba\/maloprodaja\/wp-json\/wp\/v2\/product"}],"about":[{"href":"https:\/\/autostil.ba\/maloprodaja\/wp-json\/wp\/v2\/types\/product"}],"replies":[{"embeddable":true,"href":"https:\/\/autostil.ba\/maloprodaja\/wp-json\/wp\/v2\/comments?post=106212"}],"version-history":[{"count":1,"href":"https:\/\/autostil.ba\/maloprodaja\/wp-json\/wp\/v2\/product\/106212\/revisions"}],"predecessor-version":[{"id":106214,"href":"https:\/\/autostil.ba\/maloprodaja\/wp-json\/wp\/v2\/product\/106212\/revisions\/106214"}],"wp:featuredmedia":[{"embeddable":true,"href":"https:\/\/autostil.ba\/maloprodaja\/wp-json\/wp\/v2\/media\/106213"}],"wp:attachment":[{"href":"https:\/\/autostil.ba\/maloprodaja\/wp-json\/wp\/v2\/media?parent=106212"}],"wp:term":[{"taxonomy":"product_brand","embeddable":true,"href":"https:\/\/autostil.ba\/maloprodaja\/wp-json\/wp\/v2\/product_brand?post=106212"},{"taxonomy":"product_cat","embeddable":true,"href":"https:\/\/autostil.ba\/maloprodaja\/wp-json\/wp\/v2\/product_cat?post=106212"},{"taxonomy":"product_tag","embeddable":true,"href":"https:\/\/autostil.ba\/maloprodaja\/wp-json\/wp\/v2\/product_tag?post=106212"}],"curies":[{"name":"wp","href":"https:\/\/api.w.org\/{rel}","templated":true}]}}