{"id":106182,"date":"2025-10-17T14:28:16","date_gmt":"2025-10-17T12:28:16","guid":{"rendered":"https:\/\/autostil.ba\/maloprodaja\/?post_type=product&#038;p=106182"},"modified":"2026-04-08T11:34:42","modified_gmt":"2026-04-08T09:34:42","slug":"uticnica-za-upaljac-sa-stipaljkama","status":"publish","type":"product","link":"https:\/\/autostil.ba\/maloprodaja\/proizvod\/12738\/uticnica-za-upaljac-sa-stipaljkama\/","title":{"rendered":"UTI\u010cNICA ZA UPALJA\u010c SA \u0160TIPALJKAMA"},"content":{"rendered":"","protected":false},"excerpt":{"rendered":"<p>Uti\u010dnica obi\u010dnog auto upalja\u010da za cigarete od 12V ili 24V sa klemama za direktno povezivanje na akumulator automobila. Dizajniran za ure\u0111aje sa malom potro\u0161njom energije (maks. 10A).<\/p>\n<p>Upute za upotrebu: Priklju\u010dite adapter na akumulator automobila, crni terminal na &#8211; pol, a crveni terminal na + pol. Uklju\u010dite ure\u0111aj opremljen obi\u010dnim utika\u010dem od 12V ili 24V u uti\u010dnicu upalja\u010da za cigarete u automobilu.<\/p>\n","protected":false},"featured_media":106183,"comment_status":"open","ping_status":"closed","template":"","meta":{"_acf_changed":false,"inline_featured_image":false},"product_brand":[],"product_cat":[80],"product_tag":[],"class_list":{"0":"post-106182","1":"product","2":"type-product","3":"status-publish","4":"has-post-thumbnail","6":"product_cat-upaljaci-za-auto","8":"first","9":"instock","10":"taxable","11":"shipping-taxable","12":"purchasable","13":"product-type-simple"},"acf":[],"custom_product_id":"12738","_links":{"self":[{"href":"https:\/\/autostil.ba\/maloprodaja\/wp-json\/wp\/v2\/product\/106182","targetHints":{"allow":["GET"]}}],"collection":[{"href":"https:\/\/autostil.ba\/maloprodaja\/wp-json\/wp\/v2\/product"}],"about":[{"href":"https:\/\/autostil.ba\/maloprodaja\/wp-json\/wp\/v2\/types\/product"}],"replies":[{"embeddable":true,"href":"https:\/\/autostil.ba\/maloprodaja\/wp-json\/wp\/v2\/comments?post=106182"}],"version-history":[{"count":1,"href":"https:\/\/autostil.ba\/maloprodaja\/wp-json\/wp\/v2\/product\/106182\/revisions"}],"predecessor-version":[{"id":106184,"href":"https:\/\/autostil.ba\/maloprodaja\/wp-json\/wp\/v2\/product\/106182\/revisions\/106184"}],"wp:featuredmedia":[{"embeddable":true,"href":"https:\/\/autostil.ba\/maloprodaja\/wp-json\/wp\/v2\/media\/106183"}],"wp:attachment":[{"href":"https:\/\/autostil.ba\/maloprodaja\/wp-json\/wp\/v2\/media?parent=106182"}],"wp:term":[{"taxonomy":"product_brand","embeddable":true,"href":"https:\/\/autostil.ba\/maloprodaja\/wp-json\/wp\/v2\/product_brand?post=106182"},{"taxonomy":"product_cat","embeddable":true,"href":"https:\/\/autostil.ba\/maloprodaja\/wp-json\/wp\/v2\/product_cat?post=106182"},{"taxonomy":"product_tag","embeddable":true,"href":"https:\/\/autostil.ba\/maloprodaja\/wp-json\/wp\/v2\/product_tag?post=106182"}],"curies":[{"name":"wp","href":"https:\/\/api.w.org\/{rel}","templated":true}]}}