{"id":106172,"date":"2024-09-05T15:07:15","date_gmt":"2024-09-05T13:07:15","guid":{"rendered":"https:\/\/autostil.ba\/maloprodaja\/?post_type=product&#038;p=106172"},"modified":"2026-04-23T13:59:46","modified_gmt":"2026-04-23T11:59:46","slug":"navlake-za-skladistenje-tockova","status":"publish","type":"product","link":"https:\/\/autostil.ba\/maloprodaja\/proizvod\/7419\/navlake-za-skladistenje-tockova\/","title":{"rendered":"NAVLAKE ZA SKLADI\u0160TENJE TO\u010cKOVA"},"content":{"rendered":"","protected":false},"excerpt":{"rendered":"<p>NAVLAKE ZA SKLADI\u0160TENJE TO\u010cKOVA 4 komada visokokvalitetnih prekriva\u010da dizajniranih za \u010duvanje automobilskih guma i to\u010dkova. Navlake se mogu koristiti za \u010duvanje guma rezervnih to\u010dkova u prtljagu. Odr\u017eava auto sjedalo i prtlja\u017eni prostor \u010distim od mrlja. Tako\u0111e \u0161titi ostalu prevezenu prtljagu od mrlja. Navlake se mogu lako o\u010distiti. U ve\u0161 ma\u0161inama se mo\u017ee prati na 30 \u00b0, u skladu s podacima na pakiranju. Na poklopcu se mo\u017ee na\u0107i slika koja prikazuje polo\u017eaj svakog to\u010dka na automobilu. Proizvod je vrlo jednostavan za upotrebu.Mogu\u0107nost kori\u0161tenja za veli\u010dine od 13 do 17 cola.<\/p>\n","protected":false},"featured_media":106173,"comment_status":"open","ping_status":"closed","template":"","meta":{"_acf_changed":false,"inline_featured_image":false},"product_brand":[],"product_cat":[165],"product_tag":[],"class_list":{"0":"post-106172","1":"product","2":"type-product","3":"status-publish","4":"has-post-thumbnail","6":"product_cat-navlake-za-tockove","7":"pa_brend-univrzalno","9":"first","10":"instock","11":"taxable","12":"shipping-taxable","13":"purchasable","14":"product-type-simple"},"acf":[],"custom_product_id":"7419","_links":{"self":[{"href":"https:\/\/autostil.ba\/maloprodaja\/wp-json\/wp\/v2\/product\/106172","targetHints":{"allow":["GET"]}}],"collection":[{"href":"https:\/\/autostil.ba\/maloprodaja\/wp-json\/wp\/v2\/product"}],"about":[{"href":"https:\/\/autostil.ba\/maloprodaja\/wp-json\/wp\/v2\/types\/product"}],"replies":[{"embeddable":true,"href":"https:\/\/autostil.ba\/maloprodaja\/wp-json\/wp\/v2\/comments?post=106172"}],"version-history":[{"count":1,"href":"https:\/\/autostil.ba\/maloprodaja\/wp-json\/wp\/v2\/product\/106172\/revisions"}],"predecessor-version":[{"id":106174,"href":"https:\/\/autostil.ba\/maloprodaja\/wp-json\/wp\/v2\/product\/106172\/revisions\/106174"}],"wp:featuredmedia":[{"embeddable":true,"href":"https:\/\/autostil.ba\/maloprodaja\/wp-json\/wp\/v2\/media\/106173"}],"wp:attachment":[{"href":"https:\/\/autostil.ba\/maloprodaja\/wp-json\/wp\/v2\/media?parent=106172"}],"wp:term":[{"taxonomy":"product_brand","embeddable":true,"href":"https:\/\/autostil.ba\/maloprodaja\/wp-json\/wp\/v2\/product_brand?post=106172"},{"taxonomy":"product_cat","embeddable":true,"href":"https:\/\/autostil.ba\/maloprodaja\/wp-json\/wp\/v2\/product_cat?post=106172"},{"taxonomy":"product_tag","embeddable":true,"href":"https:\/\/autostil.ba\/maloprodaja\/wp-json\/wp\/v2\/product_tag?post=106172"}],"curies":[{"name":"wp","href":"https:\/\/api.w.org\/{rel}","templated":true}]}}