{"id":106152,"date":"2025-12-24T14:52:14","date_gmt":"2025-12-24T12:52:14","guid":{"rendered":"https:\/\/autostil.ba\/maloprodaja\/?post_type=product&#038;p=106152"},"modified":"2026-04-08T11:34:37","modified_gmt":"2026-04-08T09:34:37","slug":"sredstvo-za-neutralisanje-vlage-u-automobilu","status":"publish","type":"product","link":"https:\/\/autostil.ba\/maloprodaja\/proizvod\/7270\/sredstvo-za-neutralisanje-vlage-u-automobilu\/","title":{"rendered":"SREDSTVO ZA NEUTRALISANJE VLAGE U AUTOMOBILU"},"content":{"rendered":"","protected":false},"excerpt":{"rendered":"<p>SREDSTVO ZA NEUTRALISANJE VLAGE U AUTOMOBILUn Sredstvo za neutralisanje vlage, uspje\u0161no se bori protiv vlage i pare u automobilu, prikolici ili na brodu. Mogu\u0107e ga je koristiti vi\u0161e puta, ako je apsorber ve\u0107 potpuno zasi\u0107en, boja se mijenja na posebnom indikatoru ,ako se plava boja promijeni u ru\u017ei\u010dastu, tada se mora regenerisati apsorber vlage. Apsorber se mo\u017ee regenerisati na radijatoru ili suncu, ali taj proces traje mnogo du\u017ee. Su\u0161enje 6min u mikrovalnoj pe\u0107nici, ne\u0107e procuriti. Slu\u017ei za kontrolu vla\u017enosti u unutra\u0161njosti automobila, \u010duva da vam je prozor \u010dist, a unutra\u0161njost suva. Dimenzija: 175 x 95 mm.<\/p>\n","protected":false},"featured_media":106153,"comment_status":"open","ping_status":"closed","template":"","meta":{"_acf_changed":false,"inline_featured_image":false},"product_brand":[],"product_cat":[73],"product_tag":[],"class_list":{"0":"post-106152","1":"product","2":"type-product","3":"status-publish","4":"has-post-thumbnail","6":"product_cat-sredstva-za-pranje-i-odrzavanje","8":"first","9":"instock","10":"taxable","11":"shipping-taxable","12":"purchasable","13":"product-type-simple"},"acf":[],"custom_product_id":"7270","_links":{"self":[{"href":"https:\/\/autostil.ba\/maloprodaja\/wp-json\/wp\/v2\/product\/106152","targetHints":{"allow":["GET"]}}],"collection":[{"href":"https:\/\/autostil.ba\/maloprodaja\/wp-json\/wp\/v2\/product"}],"about":[{"href":"https:\/\/autostil.ba\/maloprodaja\/wp-json\/wp\/v2\/types\/product"}],"replies":[{"embeddable":true,"href":"https:\/\/autostil.ba\/maloprodaja\/wp-json\/wp\/v2\/comments?post=106152"}],"version-history":[{"count":1,"href":"https:\/\/autostil.ba\/maloprodaja\/wp-json\/wp\/v2\/product\/106152\/revisions"}],"predecessor-version":[{"id":106154,"href":"https:\/\/autostil.ba\/maloprodaja\/wp-json\/wp\/v2\/product\/106152\/revisions\/106154"}],"wp:featuredmedia":[{"embeddable":true,"href":"https:\/\/autostil.ba\/maloprodaja\/wp-json\/wp\/v2\/media\/106153"}],"wp:attachment":[{"href":"https:\/\/autostil.ba\/maloprodaja\/wp-json\/wp\/v2\/media?parent=106152"}],"wp:term":[{"taxonomy":"product_brand","embeddable":true,"href":"https:\/\/autostil.ba\/maloprodaja\/wp-json\/wp\/v2\/product_brand?post=106152"},{"taxonomy":"product_cat","embeddable":true,"href":"https:\/\/autostil.ba\/maloprodaja\/wp-json\/wp\/v2\/product_cat?post=106152"},{"taxonomy":"product_tag","embeddable":true,"href":"https:\/\/autostil.ba\/maloprodaja\/wp-json\/wp\/v2\/product_tag?post=106152"}],"curies":[{"name":"wp","href":"https:\/\/api.w.org\/{rel}","templated":true}]}}