{"id":106122,"date":"2024-07-18T12:05:13","date_gmt":"2024-07-18T10:05:13","guid":{"rendered":"https:\/\/autostil.ba\/maloprodaja\/?post_type=product&#038;p=106122"},"modified":"2026-04-08T11:34:37","modified_gmt":"2026-04-08T09:34:37","slug":"utikac-za-upaljac-usb-punjac-3-1a","status":"publish","type":"product","link":"https:\/\/autostil.ba\/maloprodaja\/proizvod\/10716\/utikac-za-upaljac-usb-punjac-3-1a\/","title":{"rendered":"UTIKA\u010c ZA UPALJA\u010c USB PUNJA\u010c 3.1A"},"content":{"rendered":"","protected":false},"excerpt":{"rendered":"<p>UTIKA\u010c ZA UPALJA\u010c USB PUNJA\u010c 3.1A;<br \/>\nAdapter za punjenje (punja\u010d) sa USB A konektorom za upotrebu u automobilu. Pogodno za punjenje mobilnih telefona i svih ure\u0111aja koji koriste USB port kao izvor. Ulaz 12V-24V. DC izlaz punja\u010da 5V &#8211; 3.1A ukupno max (zajedni\u010dki 1x 1.0A, 1x 2.1A)<\/p>\n<p>Punja\u010d je certificiran: CE, RoHS<\/p>\n","protected":false},"featured_media":106123,"comment_status":"open","ping_status":"closed","template":"","meta":{"_acf_changed":false,"inline_featured_image":false},"product_brand":[],"product_cat":[80],"product_tag":[],"class_list":{"0":"post-106122","1":"product","2":"type-product","3":"status-publish","4":"has-post-thumbnail","6":"product_cat-upaljaci-za-auto","7":"pa_velicina-univerzalno","9":"first","10":"instock","11":"taxable","12":"shipping-taxable","13":"purchasable","14":"product-type-simple"},"acf":[],"custom_product_id":"10716","_links":{"self":[{"href":"https:\/\/autostil.ba\/maloprodaja\/wp-json\/wp\/v2\/product\/106122","targetHints":{"allow":["GET"]}}],"collection":[{"href":"https:\/\/autostil.ba\/maloprodaja\/wp-json\/wp\/v2\/product"}],"about":[{"href":"https:\/\/autostil.ba\/maloprodaja\/wp-json\/wp\/v2\/types\/product"}],"replies":[{"embeddable":true,"href":"https:\/\/autostil.ba\/maloprodaja\/wp-json\/wp\/v2\/comments?post=106122"}],"version-history":[{"count":2,"href":"https:\/\/autostil.ba\/maloprodaja\/wp-json\/wp\/v2\/product\/106122\/revisions"}],"predecessor-version":[{"id":793046462,"href":"https:\/\/autostil.ba\/maloprodaja\/wp-json\/wp\/v2\/product\/106122\/revisions\/793046462"}],"wp:featuredmedia":[{"embeddable":true,"href":"https:\/\/autostil.ba\/maloprodaja\/wp-json\/wp\/v2\/media\/106123"}],"wp:attachment":[{"href":"https:\/\/autostil.ba\/maloprodaja\/wp-json\/wp\/v2\/media?parent=106122"}],"wp:term":[{"taxonomy":"product_brand","embeddable":true,"href":"https:\/\/autostil.ba\/maloprodaja\/wp-json\/wp\/v2\/product_brand?post=106122"},{"taxonomy":"product_cat","embeddable":true,"href":"https:\/\/autostil.ba\/maloprodaja\/wp-json\/wp\/v2\/product_cat?post=106122"},{"taxonomy":"product_tag","embeddable":true,"href":"https:\/\/autostil.ba\/maloprodaja\/wp-json\/wp\/v2\/product_tag?post=106122"}],"curies":[{"name":"wp","href":"https:\/\/api.w.org\/{rel}","templated":true}]}}