{"id":106102,"date":"2024-07-18T08:05:12","date_gmt":"2024-07-18T06:05:12","guid":{"rendered":"https:\/\/autostil.ba\/maloprodaja\/?post_type=product&#038;p=106102"},"modified":"2026-04-08T11:34:37","modified_gmt":"2026-04-08T09:34:37","slug":"ispitivac-6-24v-max-plasticni","status":"publish","type":"product","link":"https:\/\/autostil.ba\/maloprodaja\/proizvod\/3871\/ispitivac-6-24v-max-plasticni\/","title":{"rendered":"ISPITIVA\u010c 6-24V MAX PLASTI\u010cNI"},"content":{"rendered":"","protected":false},"excerpt":{"rendered":"<p>ISPITIVA\u010c 6-24V MAX PLASTI\u010cNI Univerzalni ispitiva\u010d za napon 6 24V. Nezamjenjiv je pri pretra\u017eivanju kvarova u o\u017ei\u010denju vozila, pogodno za brzo pretra\u017eivanje isklju\u010denih elektri\u010dnih vodova, isklju\u010denih osigura\u010da, neispravnih sijalica itd.<\/p>\n","protected":false},"featured_media":106103,"comment_status":"open","ping_status":"closed","template":"","meta":{"_acf_changed":false,"inline_featured_image":false},"product_brand":[],"product_cat":[132],"product_tag":[],"class_list":{"0":"post-106102","1":"product","2":"type-product","3":"status-publish","4":"has-post-thumbnail","6":"product_cat-ispitivaci-6-24v","8":"first","9":"instock","10":"taxable","11":"shipping-taxable","12":"purchasable","13":"product-type-simple"},"acf":[],"custom_product_id":"3871","_links":{"self":[{"href":"https:\/\/autostil.ba\/maloprodaja\/wp-json\/wp\/v2\/product\/106102","targetHints":{"allow":["GET"]}}],"collection":[{"href":"https:\/\/autostil.ba\/maloprodaja\/wp-json\/wp\/v2\/product"}],"about":[{"href":"https:\/\/autostil.ba\/maloprodaja\/wp-json\/wp\/v2\/types\/product"}],"replies":[{"embeddable":true,"href":"https:\/\/autostil.ba\/maloprodaja\/wp-json\/wp\/v2\/comments?post=106102"}],"version-history":[{"count":1,"href":"https:\/\/autostil.ba\/maloprodaja\/wp-json\/wp\/v2\/product\/106102\/revisions"}],"predecessor-version":[{"id":106104,"href":"https:\/\/autostil.ba\/maloprodaja\/wp-json\/wp\/v2\/product\/106102\/revisions\/106104"}],"wp:featuredmedia":[{"embeddable":true,"href":"https:\/\/autostil.ba\/maloprodaja\/wp-json\/wp\/v2\/media\/106103"}],"wp:attachment":[{"href":"https:\/\/autostil.ba\/maloprodaja\/wp-json\/wp\/v2\/media?parent=106102"}],"wp:term":[{"taxonomy":"product_brand","embeddable":true,"href":"https:\/\/autostil.ba\/maloprodaja\/wp-json\/wp\/v2\/product_brand?post=106102"},{"taxonomy":"product_cat","embeddable":true,"href":"https:\/\/autostil.ba\/maloprodaja\/wp-json\/wp\/v2\/product_cat?post=106102"},{"taxonomy":"product_tag","embeddable":true,"href":"https:\/\/autostil.ba\/maloprodaja\/wp-json\/wp\/v2\/product_tag?post=106102"}],"curies":[{"name":"wp","href":"https:\/\/api.w.org\/{rel}","templated":true}]}}