{"id":106092,"date":"2024-07-18T08:05:12","date_gmt":"2024-07-18T06:05:12","guid":{"rendered":"https:\/\/autostil.ba\/maloprodaja\/?post_type=product&#038;p=106092"},"modified":"2026-04-23T16:00:43","modified_gmt":"2026-04-23T14:00:43","slug":"kleme","status":"publish","type":"product","link":"https:\/\/autostil.ba\/maloprodaja\/proizvod\/1585\/kleme\/","title":{"rendered":"KLEME"},"content":{"rendered":"","protected":false},"excerpt":{"rendered":"<p>KLEME Univerzalna upotreba kleme u svim tipovima akumulatora za automobile. Napon: 6\/12\/24V. Monta\u017ea: skinite stare priklju\u010dke akumulatora sa kabla za napajanje. O\u010distite kablove da bi veza bila bolja. Otpustite vijke stezaljki. Stavite kablove u stezaljke i pritegnite oba vijka za pri\u010dvr\u0161\u0107ivanje kablova. Montirajte terminal na akumulator automobila i pritegnite vijke. Upozorenje: ne dirajte terminal dok ga montirate na akumulator automobila, kako ne biste o\u0161tetili akumulator automobila.<\/p>\n","protected":false},"featured_media":106093,"comment_status":"open","ping_status":"closed","template":"","meta":{"_acf_changed":false,"inline_featured_image":false},"product_brand":[],"product_cat":[47],"product_tag":[],"class_list":{"0":"post-106092","1":"product","2":"type-product","3":"status-publish","4":"has-post-thumbnail","6":"product_cat-start-kablovi-i-kleme","8":"first","9":"instock","10":"taxable","11":"shipping-taxable","12":"purchasable","13":"product-type-simple"},"acf":[],"custom_product_id":"1585","_links":{"self":[{"href":"https:\/\/autostil.ba\/maloprodaja\/wp-json\/wp\/v2\/product\/106092","targetHints":{"allow":["GET"]}}],"collection":[{"href":"https:\/\/autostil.ba\/maloprodaja\/wp-json\/wp\/v2\/product"}],"about":[{"href":"https:\/\/autostil.ba\/maloprodaja\/wp-json\/wp\/v2\/types\/product"}],"replies":[{"embeddable":true,"href":"https:\/\/autostil.ba\/maloprodaja\/wp-json\/wp\/v2\/comments?post=106092"}],"version-history":[{"count":1,"href":"https:\/\/autostil.ba\/maloprodaja\/wp-json\/wp\/v2\/product\/106092\/revisions"}],"predecessor-version":[{"id":106094,"href":"https:\/\/autostil.ba\/maloprodaja\/wp-json\/wp\/v2\/product\/106092\/revisions\/106094"}],"wp:featuredmedia":[{"embeddable":true,"href":"https:\/\/autostil.ba\/maloprodaja\/wp-json\/wp\/v2\/media\/106093"}],"wp:attachment":[{"href":"https:\/\/autostil.ba\/maloprodaja\/wp-json\/wp\/v2\/media?parent=106092"}],"wp:term":[{"taxonomy":"product_brand","embeddable":true,"href":"https:\/\/autostil.ba\/maloprodaja\/wp-json\/wp\/v2\/product_brand?post=106092"},{"taxonomy":"product_cat","embeddable":true,"href":"https:\/\/autostil.ba\/maloprodaja\/wp-json\/wp\/v2\/product_cat?post=106092"},{"taxonomy":"product_tag","embeddable":true,"href":"https:\/\/autostil.ba\/maloprodaja\/wp-json\/wp\/v2\/product_tag?post=106092"}],"curies":[{"name":"wp","href":"https:\/\/api.w.org\/{rel}","templated":true}]}}