{"id":106082,"date":"2026-04-14T14:35:11","date_gmt":"2026-04-14T12:35:11","guid":{"rendered":"https:\/\/autostil.ba\/maloprodaja\/?post_type=product&#038;p=106082"},"modified":"2026-04-24T16:00:32","modified_gmt":"2026-04-24T14:00:32","slug":"uze-za-slepanje-1800kg","status":"publish","type":"product","link":"https:\/\/autostil.ba\/maloprodaja\/proizvod\/6329\/uze-za-slepanje-1800kg\/","title":{"rendered":"U\u017dE ZA \u0160LEPANJE 1800kg"},"content":{"rendered":"","protected":false},"excerpt":{"rendered":"<p>U\u017dE ZA \u0160LEPANJE 1800kg U\u017ee za \u0161lepanje 1.8t, du\u017eina 4m sa kukama. Za putni\u010dke automobile do ukupne te\u017eine 1800 kg. Ne smije se koristiti za izvla\u010denje. Vu\u010dno vozilo ne smije imati neispravan sigurnosni sistem.<\/p>\n","protected":false},"featured_media":106083,"comment_status":"open","ping_status":"closed","template":"","meta":{"_acf_changed":false,"inline_featured_image":false},"product_brand":[],"product_cat":[144],"product_tag":[],"class_list":{"0":"post-106082","1":"product","2":"type-product","3":"status-publish","4":"has-post-thumbnail","6":"product_cat-sredstva-za-slepanje-vozila","8":"first","9":"instock","10":"taxable","11":"shipping-taxable","12":"purchasable","13":"product-type-simple"},"acf":[],"custom_product_id":"6329","_links":{"self":[{"href":"https:\/\/autostil.ba\/maloprodaja\/wp-json\/wp\/v2\/product\/106082","targetHints":{"allow":["GET"]}}],"collection":[{"href":"https:\/\/autostil.ba\/maloprodaja\/wp-json\/wp\/v2\/product"}],"about":[{"href":"https:\/\/autostil.ba\/maloprodaja\/wp-json\/wp\/v2\/types\/product"}],"replies":[{"embeddable":true,"href":"https:\/\/autostil.ba\/maloprodaja\/wp-json\/wp\/v2\/comments?post=106082"}],"version-history":[{"count":1,"href":"https:\/\/autostil.ba\/maloprodaja\/wp-json\/wp\/v2\/product\/106082\/revisions"}],"predecessor-version":[{"id":106084,"href":"https:\/\/autostil.ba\/maloprodaja\/wp-json\/wp\/v2\/product\/106082\/revisions\/106084"}],"wp:featuredmedia":[{"embeddable":true,"href":"https:\/\/autostil.ba\/maloprodaja\/wp-json\/wp\/v2\/media\/106083"}],"wp:attachment":[{"href":"https:\/\/autostil.ba\/maloprodaja\/wp-json\/wp\/v2\/media?parent=106082"}],"wp:term":[{"taxonomy":"product_brand","embeddable":true,"href":"https:\/\/autostil.ba\/maloprodaja\/wp-json\/wp\/v2\/product_brand?post=106082"},{"taxonomy":"product_cat","embeddable":true,"href":"https:\/\/autostil.ba\/maloprodaja\/wp-json\/wp\/v2\/product_cat?post=106082"},{"taxonomy":"product_tag","embeddable":true,"href":"https:\/\/autostil.ba\/maloprodaja\/wp-json\/wp\/v2\/product_tag?post=106082"}],"curies":[{"name":"wp","href":"https:\/\/api.w.org\/{rel}","templated":true}]}}