{"id":106072,"date":"2024-07-18T08:05:11","date_gmt":"2024-07-18T08:05:11","guid":{"rendered":"https:\/\/autostil.ba\/maloprodaja\/?post_type=product&#038;p=106072"},"modified":"2026-04-08T11:34:37","modified_gmt":"2026-04-08T09:34:37","slug":"cep-rezervoara-univerzalni","status":"publish","type":"product","link":"https:\/\/autostil.ba\/maloprodaja\/proizvod\/2808\/cep-rezervoara-univerzalni\/","title":{"rendered":"\u010cEP REZERVOARA UNIVERZALNI"},"content":{"rendered":"","protected":false},"excerpt":{"rendered":"<p>\u010cEP REZERVOARA UNIVERZALNI \u010cep rezervoara je napravljen od tvrde plastike otporne na hemikalije koje sadr\u017ee gorivo. \u010cep ima najve\u0107i pre\u010dnik od 70 mm. Mo\u017ee se koristiti za gotovo svako grlo rezervoara u putni\u010dkim automobilima. Ovaj je proizvod namijenjen samo za hitnu upotrebu.<\/p>\n","protected":false},"featured_media":106073,"comment_status":"open","ping_status":"closed","template":"","meta":{"_acf_changed":false,"inline_featured_image":false},"product_brand":[],"product_cat":[98],"product_tag":[],"class_list":{"0":"post-106072","1":"product","2":"type-product","3":"status-publish","4":"has-post-thumbnail","6":"product_cat-cepovi-za-rezervoar-univerzalni","8":"first","9":"instock","10":"taxable","11":"shipping-taxable","12":"purchasable","13":"product-type-simple"},"acf":[],"custom_product_id":"2808","_links":{"self":[{"href":"https:\/\/autostil.ba\/maloprodaja\/wp-json\/wp\/v2\/product\/106072","targetHints":{"allow":["GET"]}}],"collection":[{"href":"https:\/\/autostil.ba\/maloprodaja\/wp-json\/wp\/v2\/product"}],"about":[{"href":"https:\/\/autostil.ba\/maloprodaja\/wp-json\/wp\/v2\/types\/product"}],"replies":[{"embeddable":true,"href":"https:\/\/autostil.ba\/maloprodaja\/wp-json\/wp\/v2\/comments?post=106072"}],"version-history":[{"count":1,"href":"https:\/\/autostil.ba\/maloprodaja\/wp-json\/wp\/v2\/product\/106072\/revisions"}],"predecessor-version":[{"id":106074,"href":"https:\/\/autostil.ba\/maloprodaja\/wp-json\/wp\/v2\/product\/106072\/revisions\/106074"}],"wp:featuredmedia":[{"embeddable":true,"href":"https:\/\/autostil.ba\/maloprodaja\/wp-json\/wp\/v2\/media\/106073"}],"wp:attachment":[{"href":"https:\/\/autostil.ba\/maloprodaja\/wp-json\/wp\/v2\/media?parent=106072"}],"wp:term":[{"taxonomy":"product_brand","embeddable":true,"href":"https:\/\/autostil.ba\/maloprodaja\/wp-json\/wp\/v2\/product_brand?post=106072"},{"taxonomy":"product_cat","embeddable":true,"href":"https:\/\/autostil.ba\/maloprodaja\/wp-json\/wp\/v2\/product_cat?post=106072"},{"taxonomy":"product_tag","embeddable":true,"href":"https:\/\/autostil.ba\/maloprodaja\/wp-json\/wp\/v2\/product_tag?post=106072"}],"curies":[{"name":"wp","href":"https:\/\/api.w.org\/{rel}","templated":true}]}}