{"id":106052,"date":"2025-12-24T15:23:10","date_gmt":"2025-12-24T13:23:10","guid":{"rendered":"https:\/\/autostil.ba\/maloprodaja\/?post_type=product&#038;p=106052"},"modified":"2026-04-08T11:34:31","modified_gmt":"2026-04-08T09:34:31","slug":"cistac-leda-2799-max","status":"publish","type":"product","link":"https:\/\/autostil.ba\/maloprodaja\/proizvod\/5518\/cistac-leda-2799-max\/","title":{"rendered":"\u010cISTA\u010c LEDA 2799 MAX"},"content":{"rendered":"","protected":false},"excerpt":{"rendered":"<p>\u010cISTA\u010c LEDA 2799 MAX Nudi jednostavno i efikasno \u010di\u0161\u0107enje leda . U zimskim uslovima je koristan za \u010di\u0161\u0107enje i brisanje brisa\u010da, odstranjivanje snijega i brisanje bo\u010dnih retrovizora.<\/p>\n","protected":false},"featured_media":793047136,"comment_status":"open","ping_status":"closed","template":"","meta":{"_acf_changed":false,"inline_featured_image":false},"product_brand":[],"product_cat":[107],"product_tag":[],"class_list":{"0":"post-106052","1":"product","2":"type-product","3":"status-publish","4":"has-post-thumbnail","6":"product_cat-cistaci-za-snijeg-i-led","8":"first","9":"instock","10":"taxable","11":"shipping-taxable","12":"purchasable","13":"product-type-simple"},"acf":[],"custom_product_id":"5518","_links":{"self":[{"href":"https:\/\/autostil.ba\/maloprodaja\/wp-json\/wp\/v2\/product\/106052","targetHints":{"allow":["GET"]}}],"collection":[{"href":"https:\/\/autostil.ba\/maloprodaja\/wp-json\/wp\/v2\/product"}],"about":[{"href":"https:\/\/autostil.ba\/maloprodaja\/wp-json\/wp\/v2\/types\/product"}],"replies":[{"embeddable":true,"href":"https:\/\/autostil.ba\/maloprodaja\/wp-json\/wp\/v2\/comments?post=106052"}],"version-history":[{"count":1,"href":"https:\/\/autostil.ba\/maloprodaja\/wp-json\/wp\/v2\/product\/106052\/revisions"}],"predecessor-version":[{"id":106054,"href":"https:\/\/autostil.ba\/maloprodaja\/wp-json\/wp\/v2\/product\/106052\/revisions\/106054"}],"wp:featuredmedia":[{"embeddable":true,"href":"https:\/\/autostil.ba\/maloprodaja\/wp-json\/wp\/v2\/media\/793047136"}],"wp:attachment":[{"href":"https:\/\/autostil.ba\/maloprodaja\/wp-json\/wp\/v2\/media?parent=106052"}],"wp:term":[{"taxonomy":"product_brand","embeddable":true,"href":"https:\/\/autostil.ba\/maloprodaja\/wp-json\/wp\/v2\/product_brand?post=106052"},{"taxonomy":"product_cat","embeddable":true,"href":"https:\/\/autostil.ba\/maloprodaja\/wp-json\/wp\/v2\/product_cat?post=106052"},{"taxonomy":"product_tag","embeddable":true,"href":"https:\/\/autostil.ba\/maloprodaja\/wp-json\/wp\/v2\/product_tag?post=106052"}],"curies":[{"name":"wp","href":"https:\/\/api.w.org\/{rel}","templated":true}]}}