{"id":106012,"date":"2025-12-24T14:57:08","date_gmt":"2025-12-24T12:57:08","guid":{"rendered":"https:\/\/autostil.ba\/maloprodaja\/?post_type=product&#038;p=106012"},"modified":"2026-04-08T11:34:31","modified_gmt":"2026-04-08T09:34:31","slug":"antena-gumena","status":"publish","type":"product","link":"https:\/\/autostil.ba\/maloprodaja\/proizvod\/166\/antena-gumena\/","title":{"rendered":"ANTENA GUMENA"},"content":{"rendered":"","protected":false},"excerpt":{"rendered":"<p>ANTENA GUMENA Auto antena gumena, dizajnirana za prijem radio signala u putni\u010dkim automobilima. Du\u017eina: 35 cm, du\u017eina kabla: 220 cm. Boja: crna. Sastavlja se vijkom u unaprijed pripremljenu rupu.<\/p>\n","protected":false},"featured_media":106013,"comment_status":"open","ping_status":"closed","template":"","meta":{"_acf_changed":false,"inline_featured_image":false},"product_brand":[],"product_cat":[82],"product_tag":[],"class_list":{"0":"post-106012","1":"product","2":"type-product","3":"status-publish","4":"has-post-thumbnail","6":"product_cat-antene-za-automobile-i-adapteri","8":"first","9":"instock","10":"taxable","11":"shipping-taxable","12":"purchasable","13":"product-type-simple"},"acf":[],"custom_product_id":"166","_links":{"self":[{"href":"https:\/\/autostil.ba\/maloprodaja\/wp-json\/wp\/v2\/product\/106012","targetHints":{"allow":["GET"]}}],"collection":[{"href":"https:\/\/autostil.ba\/maloprodaja\/wp-json\/wp\/v2\/product"}],"about":[{"href":"https:\/\/autostil.ba\/maloprodaja\/wp-json\/wp\/v2\/types\/product"}],"replies":[{"embeddable":true,"href":"https:\/\/autostil.ba\/maloprodaja\/wp-json\/wp\/v2\/comments?post=106012"}],"version-history":[{"count":1,"href":"https:\/\/autostil.ba\/maloprodaja\/wp-json\/wp\/v2\/product\/106012\/revisions"}],"predecessor-version":[{"id":106014,"href":"https:\/\/autostil.ba\/maloprodaja\/wp-json\/wp\/v2\/product\/106012\/revisions\/106014"}],"wp:featuredmedia":[{"embeddable":true,"href":"https:\/\/autostil.ba\/maloprodaja\/wp-json\/wp\/v2\/media\/106013"}],"wp:attachment":[{"href":"https:\/\/autostil.ba\/maloprodaja\/wp-json\/wp\/v2\/media?parent=106012"}],"wp:term":[{"taxonomy":"product_brand","embeddable":true,"href":"https:\/\/autostil.ba\/maloprodaja\/wp-json\/wp\/v2\/product_brand?post=106012"},{"taxonomy":"product_cat","embeddable":true,"href":"https:\/\/autostil.ba\/maloprodaja\/wp-json\/wp\/v2\/product_cat?post=106012"},{"taxonomy":"product_tag","embeddable":true,"href":"https:\/\/autostil.ba\/maloprodaja\/wp-json\/wp\/v2\/product_tag?post=106012"}],"curies":[{"name":"wp","href":"https:\/\/api.w.org\/{rel}","templated":true}]}}