{"id":106002,"date":"2025-02-18T09:50:08","date_gmt":"2025-02-18T07:50:08","guid":{"rendered":"https:\/\/autostil.ba\/maloprodaja\/?post_type=product&#038;p=106002"},"modified":"2026-04-08T11:34:31","modified_gmt":"2026-04-08T09:34:31","slug":"antenski-kabal-3m","status":"publish","type":"product","link":"https:\/\/autostil.ba\/maloprodaja\/proizvod\/201\/antenski-kabal-3m\/","title":{"rendered":"ANTENSKI KABAL 3m"},"content":{"rendered":"","protected":false},"excerpt":{"rendered":"<p>ANTENSKI KABAL 3m Antenski kabal sa samopra\u017enjenjem. Priklju\u010dite antenu i radio na ve\u0107e udaljenosti. DIN priklju\u010dak \/ DIN uti\u010dnica. Du\u017eina 3m. Crna boja.<\/p>\n","protected":false},"featured_media":106003,"comment_status":"open","ping_status":"closed","template":"","meta":{"_acf_changed":false,"inline_featured_image":false},"product_brand":[],"product_cat":[82],"product_tag":[],"class_list":{"0":"post-106002","1":"product","2":"type-product","3":"status-publish","4":"has-post-thumbnail","6":"product_cat-antene-za-automobile-i-adapteri","8":"first","9":"instock","10":"taxable","11":"shipping-taxable","12":"purchasable","13":"product-type-simple"},"acf":[],"custom_product_id":"201","_links":{"self":[{"href":"https:\/\/autostil.ba\/maloprodaja\/wp-json\/wp\/v2\/product\/106002","targetHints":{"allow":["GET"]}}],"collection":[{"href":"https:\/\/autostil.ba\/maloprodaja\/wp-json\/wp\/v2\/product"}],"about":[{"href":"https:\/\/autostil.ba\/maloprodaja\/wp-json\/wp\/v2\/types\/product"}],"replies":[{"embeddable":true,"href":"https:\/\/autostil.ba\/maloprodaja\/wp-json\/wp\/v2\/comments?post=106002"}],"version-history":[{"count":1,"href":"https:\/\/autostil.ba\/maloprodaja\/wp-json\/wp\/v2\/product\/106002\/revisions"}],"predecessor-version":[{"id":106004,"href":"https:\/\/autostil.ba\/maloprodaja\/wp-json\/wp\/v2\/product\/106002\/revisions\/106004"}],"wp:featuredmedia":[{"embeddable":true,"href":"https:\/\/autostil.ba\/maloprodaja\/wp-json\/wp\/v2\/media\/106003"}],"wp:attachment":[{"href":"https:\/\/autostil.ba\/maloprodaja\/wp-json\/wp\/v2\/media?parent=106002"}],"wp:term":[{"taxonomy":"product_brand","embeddable":true,"href":"https:\/\/autostil.ba\/maloprodaja\/wp-json\/wp\/v2\/product_brand?post=106002"},{"taxonomy":"product_cat","embeddable":true,"href":"https:\/\/autostil.ba\/maloprodaja\/wp-json\/wp\/v2\/product_cat?post=106002"},{"taxonomy":"product_tag","embeddable":true,"href":"https:\/\/autostil.ba\/maloprodaja\/wp-json\/wp\/v2\/product_tag?post=106002"}],"curies":[{"name":"wp","href":"https:\/\/api.w.org\/{rel}","templated":true}]}}