{"id":105982,"date":"2024-07-18T08:05:07","date_gmt":"2024-07-18T08:05:07","guid":{"rendered":"https:\/\/autostil.ba\/maloprodaja\/?post_type=product&#038;p=105982"},"modified":"2026-04-08T11:34:31","modified_gmt":"2026-04-08T09:34:31","slug":"zastita-ledja-sjedista","status":"publish","type":"product","link":"https:\/\/autostil.ba\/maloprodaja\/proizvod\/10717\/zastita-ledja-sjedista\/","title":{"rendered":"ZA\u0160TITA LEDJA SJEDI\u0160TA"},"content":{"rendered":"","protected":false},"excerpt":{"rendered":"<p>ZA\u0160TITA LEDJA SJEDI\u0160TA;<br \/>\nEfikasna za\u0161tita od zaprljanja cipela prilikom prevoza dece u autosedi\u0161tu, \u0161titi prednje sedi\u0161te od ogrebotina i drugih o\u0161te\u0107enja. Odgovara svim sedi\u0161tima sa odvojivim naslonom za glavu. Pokriva ceo zadnji deo normalnog sedi\u0161ta i posebno \u0161titi od okopavanja dece. Lako pri\u010dvr\u0161\u0107ivanje oko naslona za glavu \u010di\u010dak trakom, pri\u010dvr\u0161\u0107ivanje na dnu elasti\u010dnom trakom.<\/p>\n<p>za\u0161tita zadnjih sedi\u0161ta u autu<br \/>\nmaterijal je periv<br \/>\nlako odr\u017eavanje.<br \/>\nod debele i jake folije<br \/>\n100% poliester.<br \/>\nveli\u010dina: 81 x 49 cm<br \/>\nudobno i lako pri\u010dvr\u0161\u0107ivanje na sjedalo<br \/>\nboja: prozirna sa crnim rubom<\/p>\n","protected":false},"featured_media":105983,"comment_status":"open","ping_status":"closed","template":"","meta":{"_acf_changed":false,"inline_featured_image":false},"product_brand":[],"product_cat":[136],"product_tag":[],"class_list":{"0":"post-105982","1":"product","2":"type-product","3":"status-publish","4":"has-post-thumbnail","6":"product_cat-navlake-za-sjedala","7":"pa_velicina-univerzalno","9":"first","10":"instock","11":"taxable","12":"shipping-taxable","13":"purchasable","14":"product-type-simple"},"acf":[],"custom_product_id":"10717","_links":{"self":[{"href":"https:\/\/autostil.ba\/maloprodaja\/wp-json\/wp\/v2\/product\/105982","targetHints":{"allow":["GET"]}}],"collection":[{"href":"https:\/\/autostil.ba\/maloprodaja\/wp-json\/wp\/v2\/product"}],"about":[{"href":"https:\/\/autostil.ba\/maloprodaja\/wp-json\/wp\/v2\/types\/product"}],"replies":[{"embeddable":true,"href":"https:\/\/autostil.ba\/maloprodaja\/wp-json\/wp\/v2\/comments?post=105982"}],"version-history":[{"count":1,"href":"https:\/\/autostil.ba\/maloprodaja\/wp-json\/wp\/v2\/product\/105982\/revisions"}],"predecessor-version":[{"id":105984,"href":"https:\/\/autostil.ba\/maloprodaja\/wp-json\/wp\/v2\/product\/105982\/revisions\/105984"}],"wp:featuredmedia":[{"embeddable":true,"href":"https:\/\/autostil.ba\/maloprodaja\/wp-json\/wp\/v2\/media\/105983"}],"wp:attachment":[{"href":"https:\/\/autostil.ba\/maloprodaja\/wp-json\/wp\/v2\/media?parent=105982"}],"wp:term":[{"taxonomy":"product_brand","embeddable":true,"href":"https:\/\/autostil.ba\/maloprodaja\/wp-json\/wp\/v2\/product_brand?post=105982"},{"taxonomy":"product_cat","embeddable":true,"href":"https:\/\/autostil.ba\/maloprodaja\/wp-json\/wp\/v2\/product_cat?post=105982"},{"taxonomy":"product_tag","embeddable":true,"href":"https:\/\/autostil.ba\/maloprodaja\/wp-json\/wp\/v2\/product_tag?post=105982"}],"curies":[{"name":"wp","href":"https:\/\/api.w.org\/{rel}","templated":true}]}}