{"id":105962,"date":"2024-07-18T08:05:06","date_gmt":"2024-07-18T06:05:06","guid":{"rendered":"https:\/\/autostil.ba\/maloprodaja\/?post_type=product&#038;p=105962"},"modified":"2026-04-08T11:34:25","modified_gmt":"2026-04-08T09:34:25","slug":"kljuc-za-tocak-krstasti-max","status":"publish","type":"product","link":"https:\/\/autostil.ba\/maloprodaja\/proizvod\/13174\/kljuc-za-tocak-krstasti-max\/","title":{"rendered":"KLJU\u010c ZA TO\u010cAK KRSTASTI MAX"},"content":{"rendered":"","protected":false},"excerpt":{"rendered":"<p>Prakti\u010dan krstasti klju\u010d za to\u010dkove. Klju\u010d za to\u010dkove je pogodan za lako zatezanje i otpu\u0161tanje matica to\u010dkova dimenzija 17, 19, 21 i 23 mm.<\/p>\n<p>Odli\u010dan pomo\u0107nik za zamjenu to\u010dkova, koji \u0107e znatno olak\u0161ati posao.<\/p>\n","protected":false},"featured_media":793047111,"comment_status":"open","ping_status":"closed","template":"","meta":{"_acf_changed":false,"inline_featured_image":false},"product_brand":[],"product_cat":[55],"product_tag":[],"class_list":{"0":"post-105962","1":"product","2":"type-product","3":"status-publish","4":"has-post-thumbnail","6":"product_cat-alat-i-oprema-za-servise","8":"first","9":"instock","10":"taxable","11":"shipping-taxable","12":"purchasable","13":"product-type-simple"},"acf":[],"custom_product_id":"13174","_links":{"self":[{"href":"https:\/\/autostil.ba\/maloprodaja\/wp-json\/wp\/v2\/product\/105962","targetHints":{"allow":["GET"]}}],"collection":[{"href":"https:\/\/autostil.ba\/maloprodaja\/wp-json\/wp\/v2\/product"}],"about":[{"href":"https:\/\/autostil.ba\/maloprodaja\/wp-json\/wp\/v2\/types\/product"}],"replies":[{"embeddable":true,"href":"https:\/\/autostil.ba\/maloprodaja\/wp-json\/wp\/v2\/comments?post=105962"}],"version-history":[{"count":1,"href":"https:\/\/autostil.ba\/maloprodaja\/wp-json\/wp\/v2\/product\/105962\/revisions"}],"predecessor-version":[{"id":105964,"href":"https:\/\/autostil.ba\/maloprodaja\/wp-json\/wp\/v2\/product\/105962\/revisions\/105964"}],"wp:featuredmedia":[{"embeddable":true,"href":"https:\/\/autostil.ba\/maloprodaja\/wp-json\/wp\/v2\/media\/793047111"}],"wp:attachment":[{"href":"https:\/\/autostil.ba\/maloprodaja\/wp-json\/wp\/v2\/media?parent=105962"}],"wp:term":[{"taxonomy":"product_brand","embeddable":true,"href":"https:\/\/autostil.ba\/maloprodaja\/wp-json\/wp\/v2\/product_brand?post=105962"},{"taxonomy":"product_cat","embeddable":true,"href":"https:\/\/autostil.ba\/maloprodaja\/wp-json\/wp\/v2\/product_cat?post=105962"},{"taxonomy":"product_tag","embeddable":true,"href":"https:\/\/autostil.ba\/maloprodaja\/wp-json\/wp\/v2\/product_tag?post=105962"}],"curies":[{"name":"wp","href":"https:\/\/api.w.org\/{rel}","templated":true}]}}