{"id":105912,"date":"2025-02-18T11:54:04","date_gmt":"2025-02-18T09:54:04","guid":{"rendered":"https:\/\/autostil.ba\/maloprodaja\/?post_type=product&#038;p=105912"},"modified":"2026-04-08T11:34:25","modified_gmt":"2026-04-08T09:34:25","slug":"navlaka-volana-spuzvasta-siva-max-37-do-39-cm","status":"publish","type":"product","link":"https:\/\/autostil.ba\/maloprodaja\/proizvod\/7874\/navlaka-volana-spuzvasta-siva-max-37-do-39-cm\/","title":{"rendered":"NAVLAKA VOLANA SPU\u017dVASTA SIVA MAX 37 do 39 cm"},"content":{"rendered":"","protected":false},"excerpt":{"rendered":"<p>NAVLAKA VOLANA SPU\u017dVASTA SIVA MAX 37 do 39 cm Navlaka volana za univerzalnu upotrebu na svim tipovima upravlja\u010da. Pobolj\u0161ava kontrolu nad vozilom, spre\u010dava klizanje ruku preko upravlja\u010da. Otvorena unutra\u0161nja strana poklopca se brzo i lako postavlja, premaz veli\u010dine mora biti jednak pre\u010dniku volana.<\/p>\n","protected":false},"featured_media":105913,"comment_status":"open","ping_status":"closed","template":"","meta":{"_acf_changed":false,"inline_featured_image":false},"product_brand":[],"product_cat":[77],"product_tag":[],"class_list":{"0":"post-105912","1":"product","2":"type-product","3":"status-publish","4":"has-post-thumbnail","6":"product_cat-navlake-volana-i-kugle-za-volan","8":"first","9":"instock","10":"taxable","11":"shipping-taxable","12":"purchasable","13":"product-type-simple"},"acf":[],"custom_product_id":"7874","_links":{"self":[{"href":"https:\/\/autostil.ba\/maloprodaja\/wp-json\/wp\/v2\/product\/105912","targetHints":{"allow":["GET"]}}],"collection":[{"href":"https:\/\/autostil.ba\/maloprodaja\/wp-json\/wp\/v2\/product"}],"about":[{"href":"https:\/\/autostil.ba\/maloprodaja\/wp-json\/wp\/v2\/types\/product"}],"replies":[{"embeddable":true,"href":"https:\/\/autostil.ba\/maloprodaja\/wp-json\/wp\/v2\/comments?post=105912"}],"version-history":[{"count":1,"href":"https:\/\/autostil.ba\/maloprodaja\/wp-json\/wp\/v2\/product\/105912\/revisions"}],"predecessor-version":[{"id":105914,"href":"https:\/\/autostil.ba\/maloprodaja\/wp-json\/wp\/v2\/product\/105912\/revisions\/105914"}],"wp:featuredmedia":[{"embeddable":true,"href":"https:\/\/autostil.ba\/maloprodaja\/wp-json\/wp\/v2\/media\/105913"}],"wp:attachment":[{"href":"https:\/\/autostil.ba\/maloprodaja\/wp-json\/wp\/v2\/media?parent=105912"}],"wp:term":[{"taxonomy":"product_brand","embeddable":true,"href":"https:\/\/autostil.ba\/maloprodaja\/wp-json\/wp\/v2\/product_brand?post=105912"},{"taxonomy":"product_cat","embeddable":true,"href":"https:\/\/autostil.ba\/maloprodaja\/wp-json\/wp\/v2\/product_cat?post=105912"},{"taxonomy":"product_tag","embeddable":true,"href":"https:\/\/autostil.ba\/maloprodaja\/wp-json\/wp\/v2\/product_tag?post=105912"}],"curies":[{"name":"wp","href":"https:\/\/api.w.org\/{rel}","templated":true}]}}