{"id":105802,"date":"2024-07-18T08:05:00","date_gmt":"2024-07-18T06:05:00","guid":{"rendered":"https:\/\/autostil.ba\/maloprodaja\/?post_type=product&#038;p=105802"},"modified":"2026-04-08T11:34:19","modified_gmt":"2026-04-08T09:34:19","slug":"cistac-leda-sa-metlicom-max-7619","status":"publish","type":"product","link":"https:\/\/autostil.ba\/maloprodaja\/proizvod\/6344\/cistac-leda-sa-metlicom-max-7619\/","title":{"rendered":"\u010cISTA\u010c LEDA SA METLICOM"},"content":{"rendered":"","protected":false},"excerpt":{"rendered":"<p>Nudi jednostavno i efikasno \u010di\u0161\u0107enje leda . \u010cista\u010d leda sa metlicom je odli\u010dan pomo\u0107nik u zimskim uslovima, s njim nje\u017eno i lako \u010distite snijeg i led sa va\u0161eg automobila.<\/p>\n","protected":false},"featured_media":793047489,"comment_status":"open","ping_status":"closed","template":"","meta":{"_acf_changed":false,"inline_featured_image":false},"product_brand":[],"product_cat":[107],"product_tag":[],"class_list":{"0":"post-105802","1":"product","2":"type-product","3":"status-publish","4":"has-post-thumbnail","6":"product_cat-cistaci-za-snijeg-i-led","8":"first","9":"instock","10":"taxable","11":"shipping-taxable","12":"purchasable","13":"product-type-simple"},"acf":[],"custom_product_id":"6344","_links":{"self":[{"href":"https:\/\/autostil.ba\/maloprodaja\/wp-json\/wp\/v2\/product\/105802","targetHints":{"allow":["GET"]}}],"collection":[{"href":"https:\/\/autostil.ba\/maloprodaja\/wp-json\/wp\/v2\/product"}],"about":[{"href":"https:\/\/autostil.ba\/maloprodaja\/wp-json\/wp\/v2\/types\/product"}],"replies":[{"embeddable":true,"href":"https:\/\/autostil.ba\/maloprodaja\/wp-json\/wp\/v2\/comments?post=105802"}],"version-history":[{"count":3,"href":"https:\/\/autostil.ba\/maloprodaja\/wp-json\/wp\/v2\/product\/105802\/revisions"}],"predecessor-version":[{"id":793053954,"href":"https:\/\/autostil.ba\/maloprodaja\/wp-json\/wp\/v2\/product\/105802\/revisions\/793053954"}],"wp:featuredmedia":[{"embeddable":true,"href":"https:\/\/autostil.ba\/maloprodaja\/wp-json\/wp\/v2\/media\/793047489"}],"wp:attachment":[{"href":"https:\/\/autostil.ba\/maloprodaja\/wp-json\/wp\/v2\/media?parent=105802"}],"wp:term":[{"taxonomy":"product_brand","embeddable":true,"href":"https:\/\/autostil.ba\/maloprodaja\/wp-json\/wp\/v2\/product_brand?post=105802"},{"taxonomy":"product_cat","embeddable":true,"href":"https:\/\/autostil.ba\/maloprodaja\/wp-json\/wp\/v2\/product_cat?post=105802"},{"taxonomy":"product_tag","embeddable":true,"href":"https:\/\/autostil.ba\/maloprodaja\/wp-json\/wp\/v2\/product_tag?post=105802"}],"curies":[{"name":"wp","href":"https:\/\/api.w.org\/{rel}","templated":true}]}}