{"id":105722,"date":"2024-07-18T08:04:53","date_gmt":"2024-07-18T06:04:53","guid":{"rendered":"https:\/\/autostil.ba\/maloprodaja\/?post_type=product&#038;p=105722"},"modified":"2026-04-08T11:34:14","modified_gmt":"2026-04-08T09:34:14","slug":"rotacija-24v-magnetna-max-xenon-zuta","status":"publish","type":"product","link":"https:\/\/autostil.ba\/maloprodaja\/proizvod\/1260\/rotacija-24v-magnetna-max-xenon-zuta\/","title":{"rendered":"ROTACIJA 24V MAGNETNA MAX XENON \u017dUTA"},"content":{"rendered":"","protected":false},"excerpt":{"rendered":"<p>ROTACIJA 24V MAGNETNA MAX XENON \u017dUTA Vi\u0161enamjensko magnetno rotaciono svjetlo. Lampica upozorenja 24 V, stroboskopska. \u017duta boja.<\/p>\n","protected":false},"featured_media":105723,"comment_status":"open","ping_status":"closed","template":"","meta":{"_acf_changed":false,"inline_featured_image":false},"product_brand":[],"product_cat":[101],"product_tag":[],"class_list":{"0":"post-105722","1":"product","2":"type-product","3":"status-publish","4":"has-post-thumbnail","6":"product_cat-rotaciona-svijetla","8":"first","9":"instock","10":"taxable","11":"shipping-taxable","12":"purchasable","13":"product-type-simple"},"acf":[],"custom_product_id":"1260","_links":{"self":[{"href":"https:\/\/autostil.ba\/maloprodaja\/wp-json\/wp\/v2\/product\/105722","targetHints":{"allow":["GET"]}}],"collection":[{"href":"https:\/\/autostil.ba\/maloprodaja\/wp-json\/wp\/v2\/product"}],"about":[{"href":"https:\/\/autostil.ba\/maloprodaja\/wp-json\/wp\/v2\/types\/product"}],"replies":[{"embeddable":true,"href":"https:\/\/autostil.ba\/maloprodaja\/wp-json\/wp\/v2\/comments?post=105722"}],"version-history":[{"count":1,"href":"https:\/\/autostil.ba\/maloprodaja\/wp-json\/wp\/v2\/product\/105722\/revisions"}],"predecessor-version":[{"id":105724,"href":"https:\/\/autostil.ba\/maloprodaja\/wp-json\/wp\/v2\/product\/105722\/revisions\/105724"}],"wp:featuredmedia":[{"embeddable":true,"href":"https:\/\/autostil.ba\/maloprodaja\/wp-json\/wp\/v2\/media\/105723"}],"wp:attachment":[{"href":"https:\/\/autostil.ba\/maloprodaja\/wp-json\/wp\/v2\/media?parent=105722"}],"wp:term":[{"taxonomy":"product_brand","embeddable":true,"href":"https:\/\/autostil.ba\/maloprodaja\/wp-json\/wp\/v2\/product_brand?post=105722"},{"taxonomy":"product_cat","embeddable":true,"href":"https:\/\/autostil.ba\/maloprodaja\/wp-json\/wp\/v2\/product_cat?post=105722"},{"taxonomy":"product_tag","embeddable":true,"href":"https:\/\/autostil.ba\/maloprodaja\/wp-json\/wp\/v2\/product_tag?post=105722"}],"curies":[{"name":"wp","href":"https:\/\/api.w.org\/{rel}","templated":true}]}}