{"id":105712,"date":"2025-02-18T11:57:53","date_gmt":"2025-02-18T09:57:53","guid":{"rendered":"https:\/\/autostil.ba\/maloprodaja\/?post_type=product&#038;p=105712"},"modified":"2026-04-08T11:34:14","modified_gmt":"2026-04-08T09:34:14","slug":"pretvarac-napona-max-12v-220v-150-300w","status":"publish","type":"product","link":"https:\/\/autostil.ba\/maloprodaja\/proizvod\/11196\/pretvarac-napona-max-12v-220v-150-300w\/","title":{"rendered":"PRETVARA\u010c NAPONA MAX 12V-220V 150-300W"},"content":{"rendered":"","protected":false},"excerpt":{"rendered":"<p>Pretvara\u010d napona pretvara ulazni napon od 12V iz automobila u naizmjeni\u010dni izlazni napon od 220V. Adapter je odli\u010dan pomo\u0107nik za duga putovanja automobilom kada nemate pristup redovnoj struji mre\u017ee.<br \/>\nPretvara\u010d napona je idealno rje\u0161enje za voza\u010de koji u vo\u017enji \u017eele da koriste ure\u0111aje napajane naizmjeni\u010dnom strujom. Mo\u017ee da konvertuje 12V ulazni napon iz automobila u 220V AC izlazni napon. Lako se nosi sa napajanjem ra\u010dunara, radija, malog TV-a, videa, lampe, ventilatora i druge manje elektronike.<\/p>\n<p>Izlazni napon (AC): 230V (+\/- 5%)<br \/>\nIzlazna frekvencija: 50Hz<br \/>\nKontinuirana snaga: 150W<br \/>\nMaksimalna snaga: 300W<br \/>\nEfikasnost: 90%<br \/>\nZa\u0161tita od kratkog spoja: Da<br \/>\nZa\u0161tita od preoptere\u0107enja: Da<br \/>\nZa\u0161tita polariteta napajanja: Da<br \/>\nOsigura\u010d: 20A &#8211; 1kom<br \/>\nDimenzije: 178x74x74 mm<br \/>\nUSB port<\/p>\n","protected":false},"featured_media":105713,"comment_status":"open","ping_status":"closed","template":"","meta":{"_acf_changed":false,"inline_featured_image":false},"product_brand":[],"product_cat":[150],"product_tag":[],"class_list":{"0":"post-105712","1":"product","2":"type-product","3":"status-publish","4":"has-post-thumbnail","6":"product_cat-pretvaraci-struje","8":"first","9":"instock","10":"taxable","11":"shipping-taxable","12":"purchasable","13":"product-type-simple"},"acf":[],"custom_product_id":"11196","_links":{"self":[{"href":"https:\/\/autostil.ba\/maloprodaja\/wp-json\/wp\/v2\/product\/105712","targetHints":{"allow":["GET"]}}],"collection":[{"href":"https:\/\/autostil.ba\/maloprodaja\/wp-json\/wp\/v2\/product"}],"about":[{"href":"https:\/\/autostil.ba\/maloprodaja\/wp-json\/wp\/v2\/types\/product"}],"replies":[{"embeddable":true,"href":"https:\/\/autostil.ba\/maloprodaja\/wp-json\/wp\/v2\/comments?post=105712"}],"version-history":[{"count":1,"href":"https:\/\/autostil.ba\/maloprodaja\/wp-json\/wp\/v2\/product\/105712\/revisions"}],"predecessor-version":[{"id":105714,"href":"https:\/\/autostil.ba\/maloprodaja\/wp-json\/wp\/v2\/product\/105712\/revisions\/105714"}],"wp:featuredmedia":[{"embeddable":true,"href":"https:\/\/autostil.ba\/maloprodaja\/wp-json\/wp\/v2\/media\/105713"}],"wp:attachment":[{"href":"https:\/\/autostil.ba\/maloprodaja\/wp-json\/wp\/v2\/media?parent=105712"}],"wp:term":[{"taxonomy":"product_brand","embeddable":true,"href":"https:\/\/autostil.ba\/maloprodaja\/wp-json\/wp\/v2\/product_brand?post=105712"},{"taxonomy":"product_cat","embeddable":true,"href":"https:\/\/autostil.ba\/maloprodaja\/wp-json\/wp\/v2\/product_cat?post=105712"},{"taxonomy":"product_tag","embeddable":true,"href":"https:\/\/autostil.ba\/maloprodaja\/wp-json\/wp\/v2\/product_tag?post=105712"}],"curies":[{"name":"wp","href":"https:\/\/api.w.org\/{rel}","templated":true}]}}