{"id":105682,"date":"2025-02-18T12:07:52","date_gmt":"2025-02-18T10:07:52","guid":{"rendered":"https:\/\/autostil.ba\/maloprodaja\/?post_type=product&#038;p=105682"},"modified":"2026-04-24T16:00:32","modified_gmt":"2026-04-24T14:00:32","slug":"upaljac-12v-svijetleci-max-euro","status":"publish","type":"product","link":"https:\/\/autostil.ba\/maloprodaja\/proizvod\/1632\/upaljac-12v-svijetleci-max-euro\/","title":{"rendered":"UPALJA\u010c 12V SVIJETLE\u0106I MAX EURO"},"content":{"rendered":"","protected":false},"excerpt":{"rendered":"<p>UPALJA\u010c 12V SVIJETLE\u0106I MAX EURO Upalja\u010d svijetle\u0107i 12V. Uti\u010dnica za lampu na instrument tabli ili na sredi\u0161njoj plo\u010di s mogu\u0107no\u0161\u0107u pozadinskog osvjetljenja. Mo\u017ee se koristiti i kao rezervni dio. Komplet sadr\u017ei i upalja\u010d za cigarete<\/p>\n","protected":false},"featured_media":105683,"comment_status":"open","ping_status":"closed","template":"","meta":{"_acf_changed":false,"inline_featured_image":false},"product_brand":[],"product_cat":[80],"product_tag":[],"class_list":{"0":"post-105682","1":"product","2":"type-product","3":"status-publish","4":"has-post-thumbnail","6":"product_cat-upaljaci-za-auto","8":"first","9":"instock","10":"taxable","11":"shipping-taxable","12":"purchasable","13":"product-type-simple"},"acf":[],"custom_product_id":"1632","_links":{"self":[{"href":"https:\/\/autostil.ba\/maloprodaja\/wp-json\/wp\/v2\/product\/105682","targetHints":{"allow":["GET"]}}],"collection":[{"href":"https:\/\/autostil.ba\/maloprodaja\/wp-json\/wp\/v2\/product"}],"about":[{"href":"https:\/\/autostil.ba\/maloprodaja\/wp-json\/wp\/v2\/types\/product"}],"replies":[{"embeddable":true,"href":"https:\/\/autostil.ba\/maloprodaja\/wp-json\/wp\/v2\/comments?post=105682"}],"version-history":[{"count":1,"href":"https:\/\/autostil.ba\/maloprodaja\/wp-json\/wp\/v2\/product\/105682\/revisions"}],"predecessor-version":[{"id":105684,"href":"https:\/\/autostil.ba\/maloprodaja\/wp-json\/wp\/v2\/product\/105682\/revisions\/105684"}],"wp:featuredmedia":[{"embeddable":true,"href":"https:\/\/autostil.ba\/maloprodaja\/wp-json\/wp\/v2\/media\/105683"}],"wp:attachment":[{"href":"https:\/\/autostil.ba\/maloprodaja\/wp-json\/wp\/v2\/media?parent=105682"}],"wp:term":[{"taxonomy":"product_brand","embeddable":true,"href":"https:\/\/autostil.ba\/maloprodaja\/wp-json\/wp\/v2\/product_brand?post=105682"},{"taxonomy":"product_cat","embeddable":true,"href":"https:\/\/autostil.ba\/maloprodaja\/wp-json\/wp\/v2\/product_cat?post=105682"},{"taxonomy":"product_tag","embeddable":true,"href":"https:\/\/autostil.ba\/maloprodaja\/wp-json\/wp\/v2\/product_tag?post=105682"}],"curies":[{"name":"wp","href":"https:\/\/api.w.org\/{rel}","templated":true}]}}