{"id":105672,"date":"2025-07-23T10:10:52","date_gmt":"2025-07-23T08:10:52","guid":{"rendered":"https:\/\/autostil.ba\/maloprodaja\/?post_type=product&#038;p=105672"},"modified":"2026-04-08T11:34:14","modified_gmt":"2026-04-08T09:34:14","slug":"utikac-za-upaljac-12v","status":"publish","type":"product","link":"https:\/\/autostil.ba\/maloprodaja\/proizvod\/6324\/utikac-za-upaljac-12v\/","title":{"rendered":"UTIKA\u010c ZA UPALJA\u010c 12V"},"content":{"rendered":"","protected":false},"excerpt":{"rendered":"<p>UTIKA\u010c ZA UPALJA\u010c 12V Utika\u010d za upalja\u010d, plasti\u010dni. Pove\u017eite kabl lemljenjem. Napon napajanja: 12 V DC. Ugra\u0111eni osigura\u010d.<\/p>\n","protected":false},"featured_media":105673,"comment_status":"open","ping_status":"closed","template":"","meta":{"_acf_changed":false,"inline_featured_image":false},"product_brand":[],"product_cat":[80],"product_tag":[],"class_list":{"0":"post-105672","1":"product","2":"type-product","3":"status-publish","4":"has-post-thumbnail","6":"product_cat-upaljaci-za-auto","8":"first","9":"instock","10":"taxable","11":"shipping-taxable","12":"purchasable","13":"product-type-simple"},"acf":[],"custom_product_id":"6324","_links":{"self":[{"href":"https:\/\/autostil.ba\/maloprodaja\/wp-json\/wp\/v2\/product\/105672","targetHints":{"allow":["GET"]}}],"collection":[{"href":"https:\/\/autostil.ba\/maloprodaja\/wp-json\/wp\/v2\/product"}],"about":[{"href":"https:\/\/autostil.ba\/maloprodaja\/wp-json\/wp\/v2\/types\/product"}],"replies":[{"embeddable":true,"href":"https:\/\/autostil.ba\/maloprodaja\/wp-json\/wp\/v2\/comments?post=105672"}],"version-history":[{"count":1,"href":"https:\/\/autostil.ba\/maloprodaja\/wp-json\/wp\/v2\/product\/105672\/revisions"}],"predecessor-version":[{"id":105674,"href":"https:\/\/autostil.ba\/maloprodaja\/wp-json\/wp\/v2\/product\/105672\/revisions\/105674"}],"wp:featuredmedia":[{"embeddable":true,"href":"https:\/\/autostil.ba\/maloprodaja\/wp-json\/wp\/v2\/media\/105673"}],"wp:attachment":[{"href":"https:\/\/autostil.ba\/maloprodaja\/wp-json\/wp\/v2\/media?parent=105672"}],"wp:term":[{"taxonomy":"product_brand","embeddable":true,"href":"https:\/\/autostil.ba\/maloprodaja\/wp-json\/wp\/v2\/product_brand?post=105672"},{"taxonomy":"product_cat","embeddable":true,"href":"https:\/\/autostil.ba\/maloprodaja\/wp-json\/wp\/v2\/product_cat?post=105672"},{"taxonomy":"product_tag","embeddable":true,"href":"https:\/\/autostil.ba\/maloprodaja\/wp-json\/wp\/v2\/product_tag?post=105672"}],"curies":[{"name":"wp","href":"https:\/\/api.w.org\/{rel}","templated":true}]}}