{"id":105572,"date":"2025-02-18T12:02:47","date_gmt":"2025-02-18T10:02:47","guid":{"rendered":"https:\/\/autostil.ba\/maloprodaja\/?post_type=product&#038;p=105572"},"modified":"2026-04-23T13:59:45","modified_gmt":"2026-04-23T11:59:45","slug":"rora-niklovana-max-1175","status":"publish","type":"product","link":"https:\/\/autostil.ba\/maloprodaja\/proizvod\/5895\/rora-niklovana-max-1175\/","title":{"rendered":"RORA NIKLOVANA MAX 1175"},"content":{"rendered":"","protected":false},"excerpt":{"rendered":"<p>RORA NIKLOVANA MAX 1175 Visikokvalitetna niklovana rora, koja pobolj\u0161ava dizajn i daje ljep\u0161i izgled vozilu. Izduvna cijev za prigu\u0161iva\u010d umetnuta je na kraju auspuha i mora se pri\u010dvrstiti na pri\u010dvr\u0161\u0107ene vijke.<\/p>\n","protected":false},"featured_media":793045794,"comment_status":"open","ping_status":"closed","template":"","meta":{"_acf_changed":false,"inline_featured_image":false},"product_brand":[],"product_cat":[102],"product_tag":[],"class_list":{"0":"post-105572","1":"product","2":"type-product","3":"status-publish","4":"has-post-thumbnail","6":"product_cat-izduvni-sistem","8":"first","9":"instock","10":"taxable","11":"shipping-taxable","12":"purchasable","13":"product-type-simple"},"acf":[],"custom_product_id":"5895","_links":{"self":[{"href":"https:\/\/autostil.ba\/maloprodaja\/wp-json\/wp\/v2\/product\/105572","targetHints":{"allow":["GET"]}}],"collection":[{"href":"https:\/\/autostil.ba\/maloprodaja\/wp-json\/wp\/v2\/product"}],"about":[{"href":"https:\/\/autostil.ba\/maloprodaja\/wp-json\/wp\/v2\/types\/product"}],"replies":[{"embeddable":true,"href":"https:\/\/autostil.ba\/maloprodaja\/wp-json\/wp\/v2\/comments?post=105572"}],"version-history":[{"count":1,"href":"https:\/\/autostil.ba\/maloprodaja\/wp-json\/wp\/v2\/product\/105572\/revisions"}],"predecessor-version":[{"id":105574,"href":"https:\/\/autostil.ba\/maloprodaja\/wp-json\/wp\/v2\/product\/105572\/revisions\/105574"}],"wp:featuredmedia":[{"embeddable":true,"href":"https:\/\/autostil.ba\/maloprodaja\/wp-json\/wp\/v2\/media\/793045794"}],"wp:attachment":[{"href":"https:\/\/autostil.ba\/maloprodaja\/wp-json\/wp\/v2\/media?parent=105572"}],"wp:term":[{"taxonomy":"product_brand","embeddable":true,"href":"https:\/\/autostil.ba\/maloprodaja\/wp-json\/wp\/v2\/product_brand?post=105572"},{"taxonomy":"product_cat","embeddable":true,"href":"https:\/\/autostil.ba\/maloprodaja\/wp-json\/wp\/v2\/product_cat?post=105572"},{"taxonomy":"product_tag","embeddable":true,"href":"https:\/\/autostil.ba\/maloprodaja\/wp-json\/wp\/v2\/product_tag?post=105572"}],"curies":[{"name":"wp","href":"https:\/\/api.w.org\/{rel}","templated":true}]}}